{"id":10876,"date":"2025-06-29T13:34:19","date_gmt":"2025-06-29T11:34:19","guid":{"rendered":"https:\/\/uj.adatbank.ro\/lexikon\/termek\/jeney-karoly-nagyenyedi-2\/"},"modified":"2025-06-29T13:34:19","modified_gmt":"2025-06-29T11:34:19","slug":"jeney-karoly-nagyenyedi-2","status":"publish","type":"product","link":"https:\/\/uj.adatbank.ro\/lexikon\/termek\/jeney-karoly-nagyenyedi-2\/","title":{"rendered":"JENEY K\u00e1roly, nagyenyedi"},"content":{"rendered":"<p>? \u2020 ?: egyetemi hallgat\u00f3. \u2013 Mv.-en az MSE-ben \u00fasz\u00f3 m\u0171korcsoly\u00e1z\u00f3 volt (1929\u2013) V\u00e1lt\u00f3\u00fasz\u00e1sban (1938) cs\u00facseredm\u00e9nyt \u00e9rt el a MSE csapat\u00e1val. Orsz\u00e1gos ifj\u00fas\u00e1gi bajnoks\u00e1got nyert, t\u00f6bb ker\u00fcleti \u00e9s v\u00e1rosi versenyen els\u0151 \u00e9s m\u00e1sodik lett. <br \/><strong>Irod.:<\/strong> Pluh\u00e1r<\/br><\/p>\n","protected":false},"excerpt":{"rendered":"<p>? \u2020 ?: egyetemi hallgat\u00f3. \u2013 Mv.-en az MSE-ben \u00fasz\u00f3 m\u0171korcsoly\u00e1z\u00f3 volt (1929\u2013) V\u00e1lt\u00f3\u00fasz\u00e1sban (1938) cs\u00facseredm\u00e9nyt \u00e9rt el a MSE csapat\u00e1val. Orsz\u00e1gos ifj\u00fas\u00e1gi bajnoks\u00e1got nyert, t\u00f6bb ker\u00fcleti \u00e9s v\u00e1rosi versenyen els\u0151 \u00e9s m\u00e1sodik lett. Irod.: Pluh\u00e1r<\/p>\n","protected":false},"featured_media":0,"comment_status":"open","ping_status":"closed","template":"","meta":[],"product_brand":[],"product_cat":[137],"product_tag":[],"class_list":{"0":"post-10876","1":"product","2":"type-product","3":"status-publish","5":"product_cat-maros-megyei-eletrajzi-lexikon","7":"first","8":"instock","9":"shipping-taxable","10":"product-type-simple"},"_links":{"self":[{"href":"https:\/\/uj.adatbank.ro\/lexikon\/wp-json\/wp\/v2\/product\/10876","targetHints":{"allow":["GET"]}}],"collection":[{"href":"https:\/\/uj.adatbank.ro\/lexikon\/wp-json\/wp\/v2\/product"}],"about":[{"href":"https:\/\/uj.adatbank.ro\/lexikon\/wp-json\/wp\/v2\/types\/product"}],"replies":[{"embeddable":true,"href":"https:\/\/uj.adatbank.ro\/lexikon\/wp-json\/wp\/v2\/comments?post=10876"}],"wp:attachment":[{"href":"https:\/\/uj.adatbank.ro\/lexikon\/wp-json\/wp\/v2\/media?parent=10876"}],"wp:term":[{"taxonomy":"product_brand","embeddable":true,"href":"https:\/\/uj.adatbank.ro\/lexikon\/wp-json\/wp\/v2\/product_brand?post=10876"},{"taxonomy":"product_cat","embeddable":true,"href":"https:\/\/uj.adatbank.ro\/lexikon\/wp-json\/wp\/v2\/product_cat?post=10876"},{"taxonomy":"product_tag","embeddable":true,"href":"https:\/\/uj.adatbank.ro\/lexikon\/wp-json\/wp\/v2\/product_tag?post=10876"}],"curies":[{"name":"wp","href":"https:\/\/api.w.org\/{rel}","templated":true}]}}