{"id":10878,"date":"2025-06-29T13:34:24","date_gmt":"2025-06-29T11:34:24","guid":{"rendered":"https:\/\/uj.adatbank.ro\/lexikon\/termek\/jeney-lajos-nagyenyedi-2\/"},"modified":"2025-06-29T13:34:24","modified_gmt":"2025-06-29T11:34:24","slug":"jeney-lajos-nagyenyedi-2","status":"publish","type":"product","link":"https:\/\/uj.adatbank.ro\/lexikon\/termek\/jeney-lajos-nagyenyedi-2\/","title":{"rendered":"JENEY Lajos, nagyenyedi"},"content":{"rendered":"<p>1876 , \u2020\u00a0?: birtokos. \u2013 J. Lajos (1839\u20131903) fia. Feles\u00e9ge B\u00e1gya Jol\u00e1n. \u2013 Mez\u0151s\u00e1msondon birtokos, majd farmer az USA-ban. <br \/><strong>Irod.:<\/strong> csal\u00e1di inf.; P\u00e1lmay<\/br><\/p>\n","protected":false},"excerpt":{"rendered":"<p>1876 , \u2020\u00a0?: birtokos. \u2013 J. Lajos (1839\u20131903) fia. Feles\u00e9ge B\u00e1gya Jol\u00e1n. \u2013 Mez\u0151s\u00e1msondon birtokos, majd farmer az USA-ban. Irod.: csal\u00e1di inf.; P\u00e1lmay<\/p>\n","protected":false},"featured_media":0,"comment_status":"open","ping_status":"closed","template":"","meta":[],"product_brand":[],"product_cat":[137],"product_tag":[],"class_list":{"0":"post-10878","1":"product","2":"type-product","3":"status-publish","5":"product_cat-maros-megyei-eletrajzi-lexikon","7":"first","8":"instock","9":"shipping-taxable","10":"product-type-simple"},"_links":{"self":[{"href":"https:\/\/uj.adatbank.ro\/lexikon\/wp-json\/wp\/v2\/product\/10878","targetHints":{"allow":["GET"]}}],"collection":[{"href":"https:\/\/uj.adatbank.ro\/lexikon\/wp-json\/wp\/v2\/product"}],"about":[{"href":"https:\/\/uj.adatbank.ro\/lexikon\/wp-json\/wp\/v2\/types\/product"}],"replies":[{"embeddable":true,"href":"https:\/\/uj.adatbank.ro\/lexikon\/wp-json\/wp\/v2\/comments?post=10878"}],"wp:attachment":[{"href":"https:\/\/uj.adatbank.ro\/lexikon\/wp-json\/wp\/v2\/media?parent=10878"}],"wp:term":[{"taxonomy":"product_brand","embeddable":true,"href":"https:\/\/uj.adatbank.ro\/lexikon\/wp-json\/wp\/v2\/product_brand?post=10878"},{"taxonomy":"product_cat","embeddable":true,"href":"https:\/\/uj.adatbank.ro\/lexikon\/wp-json\/wp\/v2\/product_cat?post=10878"},{"taxonomy":"product_tag","embeddable":true,"href":"https:\/\/uj.adatbank.ro\/lexikon\/wp-json\/wp\/v2\/product_tag?post=10878"}],"curies":[{"name":"wp","href":"https:\/\/api.w.org\/{rel}","templated":true}]}}