{"id":10879,"date":"2025-06-29T13:34:26","date_gmt":"2025-06-29T11:34:26","guid":{"rendered":"https:\/\/uj.adatbank.ro\/lexikon\/termek\/jeney-odon\/"},"modified":"2025-06-29T13:34:26","modified_gmt":"2025-06-29T11:34:26","slug":"jeney-odon","status":"publish","type":"product","link":"https:\/\/uj.adatbank.ro\/lexikon\/termek\/jeney-odon\/","title":{"rendered":"JENEY \u00d6d\u00f6n"},"content":{"rendered":"<p>Asszonyn\u00e9pe, 1903., \u2020\u00a0?: jegyz\u0151. \u2013 Tanulm\u00e1nyait Kv.-on \u00e9s Dics\u0151szentm\u00e1rtonban v\u00e9gezte. G\u00f6rg\u00e9nys\u00f3akn\u00e1n volt jegyz\u0151 (1940\u2013). A MP tagja. <br \/><strong>Irod.:<\/strong> Sz\u00e9kelyf\u00f6ld \u00ed. k.<\/br><\/p>\n","protected":false},"excerpt":{"rendered":"<p>Asszonyn\u00e9pe, 1903., \u2020\u00a0?: jegyz\u0151. \u2013 Tanulm\u00e1nyait Kv.-on \u00e9s Dics\u0151szentm\u00e1rtonban v\u00e9gezte. G\u00f6rg\u00e9nys\u00f3akn\u00e1n volt jegyz\u0151 (1940\u2013). A MP tagja. Irod.: Sz\u00e9kelyf\u00f6ld \u00ed. k.<\/p>\n","protected":false},"featured_media":0,"comment_status":"open","ping_status":"closed","template":"","meta":[],"product_brand":[],"product_cat":[137],"product_tag":[],"class_list":{"0":"post-10879","1":"product","2":"type-product","3":"status-publish","5":"product_cat-maros-megyei-eletrajzi-lexikon","7":"first","8":"instock","9":"shipping-taxable","10":"product-type-simple"},"_links":{"self":[{"href":"https:\/\/uj.adatbank.ro\/lexikon\/wp-json\/wp\/v2\/product\/10879","targetHints":{"allow":["GET"]}}],"collection":[{"href":"https:\/\/uj.adatbank.ro\/lexikon\/wp-json\/wp\/v2\/product"}],"about":[{"href":"https:\/\/uj.adatbank.ro\/lexikon\/wp-json\/wp\/v2\/types\/product"}],"replies":[{"embeddable":true,"href":"https:\/\/uj.adatbank.ro\/lexikon\/wp-json\/wp\/v2\/comments?post=10879"}],"wp:attachment":[{"href":"https:\/\/uj.adatbank.ro\/lexikon\/wp-json\/wp\/v2\/media?parent=10879"}],"wp:term":[{"taxonomy":"product_brand","embeddable":true,"href":"https:\/\/uj.adatbank.ro\/lexikon\/wp-json\/wp\/v2\/product_brand?post=10879"},{"taxonomy":"product_cat","embeddable":true,"href":"https:\/\/uj.adatbank.ro\/lexikon\/wp-json\/wp\/v2\/product_cat?post=10879"},{"taxonomy":"product_tag","embeddable":true,"href":"https:\/\/uj.adatbank.ro\/lexikon\/wp-json\/wp\/v2\/product_tag?post=10879"}],"curies":[{"name":"wp","href":"https:\/\/api.w.org\/{rel}","templated":true}]}}