{"id":10881,"date":"2025-06-29T13:34:28","date_gmt":"2025-06-29T11:34:28","guid":{"rendered":"https:\/\/uj.adatbank.ro\/lexikon\/termek\/jeney-zoltan-nagyenyedi\/"},"modified":"2025-06-29T13:34:28","modified_gmt":"2025-06-29T11:34:28","slug":"jeney-zoltan-nagyenyedi","status":"publish","type":"product","link":"https:\/\/uj.adatbank.ro\/lexikon\/termek\/jeney-zoltan-nagyenyedi\/","title":{"rendered":"JENEY Zolt\u00e1n, nagyenyedi"},"content":{"rendered":"<p>? \u2020 Bp., 1890. dec. 4.: husz\u00e1rtiszt, tisztvisel\u0151. \u2013 J. Albert \u00e9s Bartha R\u00f3za fia. Testv\u00e9re: Ilona Bucher K\u00e1rolyn\u00e9. \u2013 Kereskedelmi miniszteri tisztvisel\u0151 \u00e9s tartal\u00e9kos cs. \u00e9s kir. husz\u00e1r hadnagy. <br \/><strong>Irod.:<\/strong> csal\u00e1di inf.; Gy\u00e1szjelent\u0151; P\u00e1lmay<\/br><\/p>\n","protected":false},"excerpt":{"rendered":"<p>? \u2020 Bp., 1890. dec. 4.: husz\u00e1rtiszt, tisztvisel\u0151. \u2013 J. Albert \u00e9s Bartha R\u00f3za fia. Testv\u00e9re: Ilona Bucher K\u00e1rolyn\u00e9. \u2013 Kereskedelmi miniszteri tisztvisel\u0151 \u00e9s tartal\u00e9kos cs. \u00e9s kir. husz\u00e1r hadnagy. Irod.: csal\u00e1di inf.; Gy\u00e1szjelent\u0151; P\u00e1lmay<\/p>\n","protected":false},"featured_media":0,"comment_status":"open","ping_status":"closed","template":"","meta":[],"product_brand":[],"product_cat":[137],"product_tag":[],"class_list":{"0":"post-10881","1":"product","2":"type-product","3":"status-publish","5":"product_cat-maros-megyei-eletrajzi-lexikon","7":"first","8":"instock","9":"shipping-taxable","10":"product-type-simple"},"_links":{"self":[{"href":"https:\/\/uj.adatbank.ro\/lexikon\/wp-json\/wp\/v2\/product\/10881","targetHints":{"allow":["GET"]}}],"collection":[{"href":"https:\/\/uj.adatbank.ro\/lexikon\/wp-json\/wp\/v2\/product"}],"about":[{"href":"https:\/\/uj.adatbank.ro\/lexikon\/wp-json\/wp\/v2\/types\/product"}],"replies":[{"embeddable":true,"href":"https:\/\/uj.adatbank.ro\/lexikon\/wp-json\/wp\/v2\/comments?post=10881"}],"wp:attachment":[{"href":"https:\/\/uj.adatbank.ro\/lexikon\/wp-json\/wp\/v2\/media?parent=10881"}],"wp:term":[{"taxonomy":"product_brand","embeddable":true,"href":"https:\/\/uj.adatbank.ro\/lexikon\/wp-json\/wp\/v2\/product_brand?post=10881"},{"taxonomy":"product_cat","embeddable":true,"href":"https:\/\/uj.adatbank.ro\/lexikon\/wp-json\/wp\/v2\/product_cat?post=10881"},{"taxonomy":"product_tag","embeddable":true,"href":"https:\/\/uj.adatbank.ro\/lexikon\/wp-json\/wp\/v2\/product_tag?post=10881"}],"curies":[{"name":"wp","href":"https:\/\/api.w.org\/{rel}","templated":true}]}}