{"id":10882,"date":"2025-06-29T13:34:30","date_gmt":"2025-06-29T11:34:30","guid":{"rendered":"https:\/\/uj.adatbank.ro\/lexikon\/termek\/jeney-zoltan-nagyenyedi-2\/"},"modified":"2025-06-29T13:34:30","modified_gmt":"2025-06-29T11:34:30","slug":"jeney-zoltan-nagyenyedi-2","status":"publish","type":"product","link":"https:\/\/uj.adatbank.ro\/lexikon\/termek\/jeney-zoltan-nagyenyedi-2\/","title":{"rendered":"JENEY Zolt\u00e1n, nagyenyedi"},"content":{"rendered":"<p>1903. febr. 28., \u2020 1960. j\u00fan. 10.: jog\u00e1sz dr. \u2013 Jeney J\u00f3zsef Istv\u00e1n \u00e9s Gorove Anna fia. Feles\u00e9ge: v\u00e9csi W\u00f6rnle Margit (1905. \u00e1pr. 12.). \u2013 Biztos\u00edt\u00f3 t\u00e1rsas\u00e1g igazgat\u00f3ja Bp.-en. <br \/><strong>Irod.:<\/strong> csal\u00e1di inf.; P\u00e1lmay<\/br><\/p>\n","protected":false},"excerpt":{"rendered":"<p>1903. febr. 28., \u2020 1960. j\u00fan. 10.: jog\u00e1sz dr. \u2013 Jeney J\u00f3zsef Istv\u00e1n \u00e9s Gorove Anna fia. Feles\u00e9ge: v\u00e9csi W\u00f6rnle Margit (1905. \u00e1pr. 12.). \u2013 Biztos\u00edt\u00f3 t\u00e1rsas\u00e1g igazgat\u00f3ja Bp.-en. Irod.: csal\u00e1di inf.; P\u00e1lmay<\/p>\n","protected":false},"featured_media":0,"comment_status":"open","ping_status":"closed","template":"","meta":[],"product_brand":[],"product_cat":[137],"product_tag":[],"class_list":{"0":"post-10882","1":"product","2":"type-product","3":"status-publish","5":"product_cat-maros-megyei-eletrajzi-lexikon","7":"first","8":"instock","9":"shipping-taxable","10":"product-type-simple"},"_links":{"self":[{"href":"https:\/\/uj.adatbank.ro\/lexikon\/wp-json\/wp\/v2\/product\/10882","targetHints":{"allow":["GET"]}}],"collection":[{"href":"https:\/\/uj.adatbank.ro\/lexikon\/wp-json\/wp\/v2\/product"}],"about":[{"href":"https:\/\/uj.adatbank.ro\/lexikon\/wp-json\/wp\/v2\/types\/product"}],"replies":[{"embeddable":true,"href":"https:\/\/uj.adatbank.ro\/lexikon\/wp-json\/wp\/v2\/comments?post=10882"}],"wp:attachment":[{"href":"https:\/\/uj.adatbank.ro\/lexikon\/wp-json\/wp\/v2\/media?parent=10882"}],"wp:term":[{"taxonomy":"product_brand","embeddable":true,"href":"https:\/\/uj.adatbank.ro\/lexikon\/wp-json\/wp\/v2\/product_brand?post=10882"},{"taxonomy":"product_cat","embeddable":true,"href":"https:\/\/uj.adatbank.ro\/lexikon\/wp-json\/wp\/v2\/product_cat?post=10882"},{"taxonomy":"product_tag","embeddable":true,"href":"https:\/\/uj.adatbank.ro\/lexikon\/wp-json\/wp\/v2\/product_tag?post=10882"}],"curies":[{"name":"wp","href":"https:\/\/api.w.org\/{rel}","templated":true}]}}