{"id":10889,"date":"2025-06-29T13:34:41","date_gmt":"2025-06-29T11:34:41","guid":{"rendered":"https:\/\/uj.adatbank.ro\/lexikon\/termek\/jeremias-sandor\/"},"modified":"2025-06-29T13:34:41","modified_gmt":"2025-06-29T11:34:41","slug":"jeremias-sandor","status":"publish","type":"product","link":"https:\/\/uj.adatbank.ro\/lexikon\/termek\/jeremias-sandor\/","title":{"rendered":"JEREMI\u00c1S S\u00e1ndor"},"content":{"rendered":"<p>1864. aug. 26. \u2020\u00a0Mv., 1943. \u00e1pr. 26.: nyomd\u00e1sz, lapszerkeszt\u0151, kiad\u00f3. \u2013 Dics\u0151szentm\u00e1rtonban a Kis-K\u00fck\u00fcll\u0151 c. lap kiad\u00f3ja (1908-ban). Almanach c\u00edmen c\u00edmt\u00e1r \u00e9s telefonk\u00f6nyvet jelentetett meg Ioan Ileaval, Mv. \u00e9s a megye fontosabb tudnival\u00f3ir\u00f3l (1939). <br \/><strong>Irod.:<\/strong> B\u00e1lint Tibor: 100 \u00e9ve jelent meg az els\u0151 \u00fajs\u00e1g Dics\u0151szentm\u00e1rtonban (N\u00fa., 1991. m\u00e1rc. 23.); Dics\u0151szentm\u00e1rton r\u00e9gi arca; Id\u0151t\u00e1r 3; Mv.-i zsid\u00f3 temet\u0151 dok.; Popt\u0103ma\u015f\u2013M\u00f3zes<\/br><\/p>\n","protected":false},"excerpt":{"rendered":"<p>1864. aug. 26. \u2020\u00a0Mv., 1943. \u00e1pr. 26.: nyomd\u00e1sz, lapszerkeszt\u0151, kiad\u00f3. \u2013 Dics\u0151szentm\u00e1rtonban a Kis-K\u00fck\u00fcll\u0151 c. lap kiad\u00f3ja (1908-ban). Almanach c\u00edmen c\u00edmt\u00e1r \u00e9s telefonk\u00f6nyvet jelentetett meg Ioan Ileaval, Mv. \u00e9s a megye fontosabb tudnival\u00f3ir\u00f3l (1939). Irod.: B\u00e1lint Tibor: 100 \u00e9ve jelent meg az els\u0151 \u00fajs\u00e1g Dics\u0151szentm\u00e1rtonban (N\u00fa., 1991. m\u00e1rc. 23.); Dics\u0151szentm\u00e1rton r\u00e9gi arca; Id\u0151t\u00e1r 3; Mv.-i [&hellip;]<\/p>\n","protected":false},"featured_media":0,"comment_status":"open","ping_status":"closed","template":"","meta":[],"product_brand":[],"product_cat":[137],"product_tag":[],"class_list":{"0":"post-10889","1":"product","2":"type-product","3":"status-publish","5":"product_cat-maros-megyei-eletrajzi-lexikon","7":"first","8":"instock","9":"shipping-taxable","10":"product-type-simple"},"_links":{"self":[{"href":"https:\/\/uj.adatbank.ro\/lexikon\/wp-json\/wp\/v2\/product\/10889","targetHints":{"allow":["GET"]}}],"collection":[{"href":"https:\/\/uj.adatbank.ro\/lexikon\/wp-json\/wp\/v2\/product"}],"about":[{"href":"https:\/\/uj.adatbank.ro\/lexikon\/wp-json\/wp\/v2\/types\/product"}],"replies":[{"embeddable":true,"href":"https:\/\/uj.adatbank.ro\/lexikon\/wp-json\/wp\/v2\/comments?post=10889"}],"wp:attachment":[{"href":"https:\/\/uj.adatbank.ro\/lexikon\/wp-json\/wp\/v2\/media?parent=10889"}],"wp:term":[{"taxonomy":"product_brand","embeddable":true,"href":"https:\/\/uj.adatbank.ro\/lexikon\/wp-json\/wp\/v2\/product_brand?post=10889"},{"taxonomy":"product_cat","embeddable":true,"href":"https:\/\/uj.adatbank.ro\/lexikon\/wp-json\/wp\/v2\/product_cat?post=10889"},{"taxonomy":"product_tag","embeddable":true,"href":"https:\/\/uj.adatbank.ro\/lexikon\/wp-json\/wp\/v2\/product_tag?post=10889"}],"curies":[{"name":"wp","href":"https:\/\/api.w.org\/{rel}","templated":true}]}}