{"id":10890,"date":"2025-06-29T13:34:46","date_gmt":"2025-06-29T11:34:46","guid":{"rendered":"https:\/\/uj.adatbank.ro\/lexikon\/termek\/jeszenszky-ede\/"},"modified":"2025-06-29T13:34:46","modified_gmt":"2025-06-29T11:34:46","slug":"jeszenszky-ede","status":"publish","type":"product","link":"https:\/\/uj.adatbank.ro\/lexikon\/termek\/jeszenszky-ede\/","title":{"rendered":"JESZENSZKY Ede"},"content":{"rendered":"<p>1869.? \u2020\u00a0Mv., 1916. febr. 19.: \u0151rnagy. \u2013 Feles\u00e9ge: csikszentm\u00e1rtoni Becze Gizella. \u2013 L\u00e1nyaik: Zsuzs\u00e1nna \u00e9s Gizella. \u2013 Cs. \u00e9s kir. \u0151rnagy. <br \/><strong>Irod.:<\/strong> Gy\u00e1szjelent\u0151<\/br><\/p>\n","protected":false},"excerpt":{"rendered":"<p>1869.? \u2020\u00a0Mv., 1916. febr. 19.: \u0151rnagy. \u2013 Feles\u00e9ge: csikszentm\u00e1rtoni Becze Gizella. \u2013 L\u00e1nyaik: Zsuzs\u00e1nna \u00e9s Gizella. \u2013 Cs. \u00e9s kir. \u0151rnagy. Irod.: Gy\u00e1szjelent\u0151<\/p>\n","protected":false},"featured_media":0,"comment_status":"open","ping_status":"closed","template":"","meta":[],"product_brand":[],"product_cat":[137],"product_tag":[],"class_list":{"0":"post-10890","1":"product","2":"type-product","3":"status-publish","5":"product_cat-maros-megyei-eletrajzi-lexikon","7":"first","8":"instock","9":"shipping-taxable","10":"product-type-simple"},"_links":{"self":[{"href":"https:\/\/uj.adatbank.ro\/lexikon\/wp-json\/wp\/v2\/product\/10890","targetHints":{"allow":["GET"]}}],"collection":[{"href":"https:\/\/uj.adatbank.ro\/lexikon\/wp-json\/wp\/v2\/product"}],"about":[{"href":"https:\/\/uj.adatbank.ro\/lexikon\/wp-json\/wp\/v2\/types\/product"}],"replies":[{"embeddable":true,"href":"https:\/\/uj.adatbank.ro\/lexikon\/wp-json\/wp\/v2\/comments?post=10890"}],"wp:attachment":[{"href":"https:\/\/uj.adatbank.ro\/lexikon\/wp-json\/wp\/v2\/media?parent=10890"}],"wp:term":[{"taxonomy":"product_brand","embeddable":true,"href":"https:\/\/uj.adatbank.ro\/lexikon\/wp-json\/wp\/v2\/product_brand?post=10890"},{"taxonomy":"product_cat","embeddable":true,"href":"https:\/\/uj.adatbank.ro\/lexikon\/wp-json\/wp\/v2\/product_cat?post=10890"},{"taxonomy":"product_tag","embeddable":true,"href":"https:\/\/uj.adatbank.ro\/lexikon\/wp-json\/wp\/v2\/product_tag?post=10890"}],"curies":[{"name":"wp","href":"https:\/\/api.w.org\/{rel}","templated":true}]}}