{"id":10893,"date":"2025-06-29T13:34:50","date_gmt":"2025-06-29T11:34:50","guid":{"rendered":"https:\/\/uj.adatbank.ro\/lexikon\/termek\/jicchak-perri-friedmann\/"},"modified":"2025-06-29T13:34:50","modified_gmt":"2025-06-29T11:34:50","slug":"jicchak-perri-friedmann","status":"publish","type":"product","link":"https:\/\/uj.adatbank.ro\/lexikon\/termek\/jicchak-perri-friedmann\/","title":{"rendered":"JICCHAK Perri (Friedmann)"},"content":{"rendered":"<p>? \u2020\u00a0?: \u00edr\u00f3, k\u00f6lt\u0151, egyetemi tan\u00e1r. \u2013 A vall\u00e1sos t\u00f3ratud\u00f3s. Apja: Friedmann Ferenc, a mv.-i ortodox hitk\u00f6zs\u00e9g f\u0151titk\u00e1ra. \u2013 A tel-avivi egyetem tan\u00e1ra. \u00d6t \u00e9ven kereszt\u00fcl gy\u0171jt\u00f6tte az adatokat a mv.-i zsid\u00f3s\u00e1gr\u00f3l, k\u00e9tnyelv\u0171 h\u00e9ber-m. eml\u00e9kk\u00f6nyvet \u00e1ll\u00edtott \u00f6ssze. \u2013 <strong>F. m.:<\/strong> A mv.-i zsid\u00f3s\u00e1g t\u00f6rt\u00e9nete (Tel-Aviv, 1977). <br \/><strong>Irod.:<\/strong> Mv. zsid\u00f3s\u00e1ga<\/br><\/p>\n","protected":false},"excerpt":{"rendered":"<p>? \u2020\u00a0?: \u00edr\u00f3, k\u00f6lt\u0151, egyetemi tan\u00e1r. \u2013 A vall\u00e1sos t\u00f3ratud\u00f3s. Apja: Friedmann Ferenc, a mv.-i ortodox hitk\u00f6zs\u00e9g f\u0151titk\u00e1ra. \u2013 A tel-avivi egyetem tan\u00e1ra. \u00d6t \u00e9ven kereszt\u00fcl gy\u0171jt\u00f6tte az adatokat a mv.-i zsid\u00f3s\u00e1gr\u00f3l, k\u00e9tnyelv\u0171 h\u00e9ber-m. eml\u00e9kk\u00f6nyvet \u00e1ll\u00edtott \u00f6ssze. \u2013 F. m.: A mv.-i zsid\u00f3s\u00e1g t\u00f6rt\u00e9nete (Tel-Aviv, 1977). Irod.: Mv. zsid\u00f3s\u00e1ga<\/p>\n","protected":false},"featured_media":0,"comment_status":"open","ping_status":"closed","template":"","meta":[],"product_brand":[],"product_cat":[137],"product_tag":[],"class_list":{"0":"post-10893","1":"product","2":"type-product","3":"status-publish","5":"product_cat-maros-megyei-eletrajzi-lexikon","7":"first","8":"instock","9":"shipping-taxable","10":"product-type-simple"},"_links":{"self":[{"href":"https:\/\/uj.adatbank.ro\/lexikon\/wp-json\/wp\/v2\/product\/10893","targetHints":{"allow":["GET"]}}],"collection":[{"href":"https:\/\/uj.adatbank.ro\/lexikon\/wp-json\/wp\/v2\/product"}],"about":[{"href":"https:\/\/uj.adatbank.ro\/lexikon\/wp-json\/wp\/v2\/types\/product"}],"replies":[{"embeddable":true,"href":"https:\/\/uj.adatbank.ro\/lexikon\/wp-json\/wp\/v2\/comments?post=10893"}],"wp:attachment":[{"href":"https:\/\/uj.adatbank.ro\/lexikon\/wp-json\/wp\/v2\/media?parent=10893"}],"wp:term":[{"taxonomy":"product_brand","embeddable":true,"href":"https:\/\/uj.adatbank.ro\/lexikon\/wp-json\/wp\/v2\/product_brand?post=10893"},{"taxonomy":"product_cat","embeddable":true,"href":"https:\/\/uj.adatbank.ro\/lexikon\/wp-json\/wp\/v2\/product_cat?post=10893"},{"taxonomy":"product_tag","embeddable":true,"href":"https:\/\/uj.adatbank.ro\/lexikon\/wp-json\/wp\/v2\/product_tag?post=10893"}],"curies":[{"name":"wp","href":"https:\/\/api.w.org\/{rel}","templated":true}]}}