{"id":10895,"date":"2025-06-29T13:34:55","date_gmt":"2025-06-29T11:34:55","guid":{"rendered":"https:\/\/uj.adatbank.ro\/lexikon\/termek\/jinga-victor\/"},"modified":"2025-06-29T13:34:55","modified_gmt":"2025-06-29T11:34:55","slug":"jinga-victor","status":"publish","type":"product","link":"https:\/\/uj.adatbank.ro\/lexikon\/termek\/jinga-victor\/","title":{"rendered":"JINGA Victor"},"content":{"rendered":"<p>Hossz\u00fafalu, 1901. febr. 17., \u2020 Buk., 1990. j\u00fal. 1.: k\u00f6zgazd\u00e1sz, egyetemi tan\u00e1r. \u2013 Megb\u00edzt\u00e1k a mv.-i Cukorgy\u00e1r k\u00f6nyvel\u00e9s\u00e9nek ellen\u0151rz\u00e9s\u00e9vel (1947); rakt\u00e1rnok \u00e9s k\u00f6zgazd\u00e1sz egy segesv\u00e1ri Aprozar-ban (1954\u201359), majd a Mez\u0151gazdas\u00e1gi Bank segesv\u00e1ri fi\u00f3kj\u00e1n\u00e1l dolgozott. \u2013 <strong>F. m.:<\/strong> G\u00e2ndire economic\u0103 rom\u00e2nesc\u0103 \u00een sec. al XIX (Cluj, 1938); Moneda \u015fi problemele ei contemporane (Cluj-N., 1981); Probleme fundamentale ale Transilvaniei (Brass\u00f3. 1995). <br \/><strong>Irod.:<\/strong> (N\u00fa., 2001. febr. 23.)<\/br><\/p>\n","protected":false},"excerpt":{"rendered":"<p>Hossz\u00fafalu, 1901. febr. 17., \u2020 Buk., 1990. j\u00fal. 1.: k\u00f6zgazd\u00e1sz, egyetemi tan\u00e1r. \u2013 Megb\u00edzt\u00e1k a mv.-i Cukorgy\u00e1r k\u00f6nyvel\u00e9s\u00e9nek ellen\u0151rz\u00e9s\u00e9vel (1947); rakt\u00e1rnok \u00e9s k\u00f6zgazd\u00e1sz egy segesv\u00e1ri Aprozar-ban (1954\u201359), majd a Mez\u0151gazdas\u00e1gi Bank segesv\u00e1ri fi\u00f3kj\u00e1n\u00e1l dolgozott. \u2013 F. m.: G\u00e2ndire economic\u0103 rom\u00e2nesc\u0103 \u00een sec. al XIX (Cluj, 1938); Moneda \u015fi problemele ei contemporane (Cluj-N., 1981); Probleme fundamentale [&hellip;]<\/p>\n","protected":false},"featured_media":0,"comment_status":"open","ping_status":"closed","template":"","meta":[],"product_brand":[],"product_cat":[137],"product_tag":[],"class_list":{"0":"post-10895","1":"product","2":"type-product","3":"status-publish","5":"product_cat-maros-megyei-eletrajzi-lexikon","7":"first","8":"instock","9":"shipping-taxable","10":"product-type-simple"},"_links":{"self":[{"href":"https:\/\/uj.adatbank.ro\/lexikon\/wp-json\/wp\/v2\/product\/10895","targetHints":{"allow":["GET"]}}],"collection":[{"href":"https:\/\/uj.adatbank.ro\/lexikon\/wp-json\/wp\/v2\/product"}],"about":[{"href":"https:\/\/uj.adatbank.ro\/lexikon\/wp-json\/wp\/v2\/types\/product"}],"replies":[{"embeddable":true,"href":"https:\/\/uj.adatbank.ro\/lexikon\/wp-json\/wp\/v2\/comments?post=10895"}],"wp:attachment":[{"href":"https:\/\/uj.adatbank.ro\/lexikon\/wp-json\/wp\/v2\/media?parent=10895"}],"wp:term":[{"taxonomy":"product_brand","embeddable":true,"href":"https:\/\/uj.adatbank.ro\/lexikon\/wp-json\/wp\/v2\/product_brand?post=10895"},{"taxonomy":"product_cat","embeddable":true,"href":"https:\/\/uj.adatbank.ro\/lexikon\/wp-json\/wp\/v2\/product_cat?post=10895"},{"taxonomy":"product_tag","embeddable":true,"href":"https:\/\/uj.adatbank.ro\/lexikon\/wp-json\/wp\/v2\/product_tag?post=10895"}],"curies":[{"name":"wp","href":"https:\/\/api.w.org\/{rel}","templated":true}]}}