{"id":10898,"date":"2025-06-29T13:35:00","date_gmt":"2025-06-29T11:35:00","guid":{"rendered":"https:\/\/uj.adatbank.ro\/lexikon\/termek\/joanovics-istvan\/"},"modified":"2025-06-29T13:35:00","modified_gmt":"2025-06-29T11:35:00","slug":"joanovics-istvan","status":"publish","type":"product","link":"https:\/\/uj.adatbank.ro\/lexikon\/termek\/joanovics-istvan\/","title":{"rendered":"JOANOVICS Istv\u00e1n"},"content":{"rendered":"<p>1928., \u2020 Mv., 2010. j\u00fal.?: gy\u00f3gyszer\u00e9sz. \u2013 Gy\u00f3gyszer\u00e9sz ezredes. <br \/><strong>Irod.:<\/strong> [Nekrol\u00f3g] (N\u00fa., 2010. j\u00fal. 8.)<\/br><\/p>\n","protected":false},"excerpt":{"rendered":"<p>1928., \u2020 Mv., 2010. j\u00fal.?: gy\u00f3gyszer\u00e9sz. \u2013 Gy\u00f3gyszer\u00e9sz ezredes. Irod.: [Nekrol\u00f3g] (N\u00fa., 2010. j\u00fal. 8.)<\/p>\n","protected":false},"featured_media":0,"comment_status":"open","ping_status":"closed","template":"","meta":[],"product_brand":[],"product_cat":[137],"product_tag":[],"class_list":{"0":"post-10898","1":"product","2":"type-product","3":"status-publish","5":"product_cat-maros-megyei-eletrajzi-lexikon","7":"first","8":"instock","9":"shipping-taxable","10":"product-type-simple"},"_links":{"self":[{"href":"https:\/\/uj.adatbank.ro\/lexikon\/wp-json\/wp\/v2\/product\/10898","targetHints":{"allow":["GET"]}}],"collection":[{"href":"https:\/\/uj.adatbank.ro\/lexikon\/wp-json\/wp\/v2\/product"}],"about":[{"href":"https:\/\/uj.adatbank.ro\/lexikon\/wp-json\/wp\/v2\/types\/product"}],"replies":[{"embeddable":true,"href":"https:\/\/uj.adatbank.ro\/lexikon\/wp-json\/wp\/v2\/comments?post=10898"}],"wp:attachment":[{"href":"https:\/\/uj.adatbank.ro\/lexikon\/wp-json\/wp\/v2\/media?parent=10898"}],"wp:term":[{"taxonomy":"product_brand","embeddable":true,"href":"https:\/\/uj.adatbank.ro\/lexikon\/wp-json\/wp\/v2\/product_brand?post=10898"},{"taxonomy":"product_cat","embeddable":true,"href":"https:\/\/uj.adatbank.ro\/lexikon\/wp-json\/wp\/v2\/product_cat?post=10898"},{"taxonomy":"product_tag","embeddable":true,"href":"https:\/\/uj.adatbank.ro\/lexikon\/wp-json\/wp\/v2\/product_tag?post=10898"}],"curies":[{"name":"wp","href":"https:\/\/api.w.org\/{rel}","templated":true}]}}