{"id":10901,"date":"2025-06-29T13:35:09","date_gmt":"2025-06-29T11:35:09","guid":{"rendered":"https:\/\/uj.adatbank.ro\/lexikon\/termek\/jobbagy-karoly\/"},"modified":"2025-06-29T13:35:09","modified_gmt":"2025-06-29T11:35:09","slug":"jobbagy-karoly","status":"publish","type":"product","link":"https:\/\/uj.adatbank.ro\/lexikon\/termek\/jobbagy-karoly\/","title":{"rendered":"JOBB\u00c1GY K\u00e1roly"},"content":{"rendered":"<p>Erd\u0151szentgy\u00f6rgy, 1835., \u2020\u00a0Kv., 1862. febr. 16.: fest\u0151m\u0171v\u00e9sz. -Apja: K\u00e1roly, gazdatiszt, anyja: Bal\u00e1ssy Polix\u00e9nia. &#8211; Kv.-on tanult K\u0151v\u00e1ry Endre tan\u00edtotta. Be\u00e1llt honv\u00e9dnak (1848). Folytatta fest\u00e9szeti tanulm\u00e1nyait Pesten \u00e9s Berlinben (1852), Kv.-on (1861\u2013) k\u00e9sz\u00fcltek ceruzarajzai, arc- \u00e9s t\u00e1jk\u00e9pei. <br \/><strong>Irod.:<\/strong> Kelemen<\/br><\/p>\n","protected":false},"excerpt":{"rendered":"<p>Erd\u0151szentgy\u00f6rgy, 1835., \u2020\u00a0Kv., 1862. febr. 16.: fest\u0151m\u0171v\u00e9sz. -Apja: K\u00e1roly, gazdatiszt, anyja: Bal\u00e1ssy Polix\u00e9nia. &#8211; Kv.-on tanult K\u0151v\u00e1ry Endre tan\u00edtotta. Be\u00e1llt honv\u00e9dnak (1848). Folytatta fest\u00e9szeti tanulm\u00e1nyait Pesten \u00e9s Berlinben (1852), Kv.-on (1861\u2013) k\u00e9sz\u00fcltek ceruzarajzai, arc- \u00e9s t\u00e1jk\u00e9pei. Irod.: Kelemen<\/p>\n","protected":false},"featured_media":0,"comment_status":"open","ping_status":"closed","template":"","meta":[],"product_brand":[],"product_cat":[137],"product_tag":[],"class_list":{"0":"post-10901","1":"product","2":"type-product","3":"status-publish","5":"product_cat-maros-megyei-eletrajzi-lexikon","7":"first","8":"instock","9":"shipping-taxable","10":"product-type-simple"},"_links":{"self":[{"href":"https:\/\/uj.adatbank.ro\/lexikon\/wp-json\/wp\/v2\/product\/10901","targetHints":{"allow":["GET"]}}],"collection":[{"href":"https:\/\/uj.adatbank.ro\/lexikon\/wp-json\/wp\/v2\/product"}],"about":[{"href":"https:\/\/uj.adatbank.ro\/lexikon\/wp-json\/wp\/v2\/types\/product"}],"replies":[{"embeddable":true,"href":"https:\/\/uj.adatbank.ro\/lexikon\/wp-json\/wp\/v2\/comments?post=10901"}],"wp:attachment":[{"href":"https:\/\/uj.adatbank.ro\/lexikon\/wp-json\/wp\/v2\/media?parent=10901"}],"wp:term":[{"taxonomy":"product_brand","embeddable":true,"href":"https:\/\/uj.adatbank.ro\/lexikon\/wp-json\/wp\/v2\/product_brand?post=10901"},{"taxonomy":"product_cat","embeddable":true,"href":"https:\/\/uj.adatbank.ro\/lexikon\/wp-json\/wp\/v2\/product_cat?post=10901"},{"taxonomy":"product_tag","embeddable":true,"href":"https:\/\/uj.adatbank.ro\/lexikon\/wp-json\/wp\/v2\/product_tag?post=10901"}],"curies":[{"name":"wp","href":"https:\/\/api.w.org\/{rel}","templated":true}]}}