{"id":10903,"date":"2025-06-29T13:35:15","date_gmt":"2025-06-29T11:35:15","guid":{"rendered":"https:\/\/uj.adatbank.ro\/lexikon\/termek\/jobi-frigyes\/"},"modified":"2025-06-29T13:35:15","modified_gmt":"2025-06-29T11:35:15","slug":"jobi-frigyes","status":"publish","type":"product","link":"https:\/\/uj.adatbank.ro\/lexikon\/termek\/jobi-frigyes\/","title":{"rendered":"JOBI Frigyes"},"content":{"rendered":"<p>? \u2020\u00a0?: bor\u00e1sz. \u2013 Segesv\u00e1ron m\u0171k\u00f6d\u00f6tt. <br \/><strong>Irod.:<\/strong> Bor\u00e1szati t\u00f6rzsk\u00f6nyv (Bp., 1881)<\/br><\/p>\n","protected":false},"excerpt":{"rendered":"<p>? \u2020\u00a0?: bor\u00e1sz. \u2013 Segesv\u00e1ron m\u0171k\u00f6d\u00f6tt. Irod.: Bor\u00e1szati t\u00f6rzsk\u00f6nyv (Bp., 1881)<\/p>\n","protected":false},"featured_media":0,"comment_status":"open","ping_status":"closed","template":"","meta":[],"product_brand":[],"product_cat":[137],"product_tag":[],"class_list":{"0":"post-10903","1":"product","2":"type-product","3":"status-publish","5":"product_cat-maros-megyei-eletrajzi-lexikon","7":"first","8":"instock","9":"shipping-taxable","10":"product-type-simple"},"_links":{"self":[{"href":"https:\/\/uj.adatbank.ro\/lexikon\/wp-json\/wp\/v2\/product\/10903","targetHints":{"allow":["GET"]}}],"collection":[{"href":"https:\/\/uj.adatbank.ro\/lexikon\/wp-json\/wp\/v2\/product"}],"about":[{"href":"https:\/\/uj.adatbank.ro\/lexikon\/wp-json\/wp\/v2\/types\/product"}],"replies":[{"embeddable":true,"href":"https:\/\/uj.adatbank.ro\/lexikon\/wp-json\/wp\/v2\/comments?post=10903"}],"wp:attachment":[{"href":"https:\/\/uj.adatbank.ro\/lexikon\/wp-json\/wp\/v2\/media?parent=10903"}],"wp:term":[{"taxonomy":"product_brand","embeddable":true,"href":"https:\/\/uj.adatbank.ro\/lexikon\/wp-json\/wp\/v2\/product_brand?post=10903"},{"taxonomy":"product_cat","embeddable":true,"href":"https:\/\/uj.adatbank.ro\/lexikon\/wp-json\/wp\/v2\/product_cat?post=10903"},{"taxonomy":"product_tag","embeddable":true,"href":"https:\/\/uj.adatbank.ro\/lexikon\/wp-json\/wp\/v2\/product_tag?post=10903"}],"curies":[{"name":"wp","href":"https:\/\/api.w.org\/{rel}","templated":true}]}}