{"id":10905,"date":"2025-06-29T13:35:19","date_gmt":"2025-06-29T11:35:19","guid":{"rendered":"https:\/\/uj.adatbank.ro\/lexikon\/termek\/jodal-rezso\/"},"modified":"2025-06-29T13:35:19","modified_gmt":"2025-06-29T11:35:19","slug":"jodal-rezso","status":"publish","type":"product","link":"https:\/\/uj.adatbank.ro\/lexikon\/termek\/jodal-rezso\/","title":{"rendered":"JOD\u00c1L Rezs\u0151"},"content":{"rendered":"<p>? \u2020 ?: ref. l\u00e9vita lelk\u00e9sz. \u2013 Szov\u00e1t\u00e1n volt lelk\u00e9sz, amikor az \u00faj ref. iskol\u00e1t \u00e9s paplakot \u00e9p\u00edtett\u00e9k (1927. aug. 21. felszentel\u00e9s). <br \/><strong>Irod.:<\/strong> Szov\u00e1ta<\/br><\/p>\n","protected":false},"excerpt":{"rendered":"<p>? \u2020 ?: ref. l\u00e9vita lelk\u00e9sz. \u2013 Szov\u00e1t\u00e1n volt lelk\u00e9sz, amikor az \u00faj ref. iskol\u00e1t \u00e9s paplakot \u00e9p\u00edtett\u00e9k (1927. aug. 21. felszentel\u00e9s). Irod.: Szov\u00e1ta<\/p>\n","protected":false},"featured_media":0,"comment_status":"open","ping_status":"closed","template":"","meta":[],"product_brand":[],"product_cat":[137],"product_tag":[],"class_list":{"0":"post-10905","1":"product","2":"type-product","3":"status-publish","5":"product_cat-maros-megyei-eletrajzi-lexikon","7":"first","8":"instock","9":"shipping-taxable","10":"product-type-simple"},"_links":{"self":[{"href":"https:\/\/uj.adatbank.ro\/lexikon\/wp-json\/wp\/v2\/product\/10905","targetHints":{"allow":["GET"]}}],"collection":[{"href":"https:\/\/uj.adatbank.ro\/lexikon\/wp-json\/wp\/v2\/product"}],"about":[{"href":"https:\/\/uj.adatbank.ro\/lexikon\/wp-json\/wp\/v2\/types\/product"}],"replies":[{"embeddable":true,"href":"https:\/\/uj.adatbank.ro\/lexikon\/wp-json\/wp\/v2\/comments?post=10905"}],"wp:attachment":[{"href":"https:\/\/uj.adatbank.ro\/lexikon\/wp-json\/wp\/v2\/media?parent=10905"}],"wp:term":[{"taxonomy":"product_brand","embeddable":true,"href":"https:\/\/uj.adatbank.ro\/lexikon\/wp-json\/wp\/v2\/product_brand?post=10905"},{"taxonomy":"product_cat","embeddable":true,"href":"https:\/\/uj.adatbank.ro\/lexikon\/wp-json\/wp\/v2\/product_cat?post=10905"},{"taxonomy":"product_tag","embeddable":true,"href":"https:\/\/uj.adatbank.ro\/lexikon\/wp-json\/wp\/v2\/product_tag?post=10905"}],"curies":[{"name":"wp","href":"https:\/\/api.w.org\/{rel}","templated":true}]}}