{"id":10906,"date":"2025-06-29T13:35:21","date_gmt":"2025-06-29T11:35:21","guid":{"rendered":"https:\/\/uj.adatbank.ro\/lexikon\/termek\/joel-izsak-%c2%a7\/"},"modified":"2025-06-29T13:35:21","modified_gmt":"2025-06-29T11:35:21","slug":"joel-izsak-%c2%a7","status":"publish","type":"product","link":"https:\/\/uj.adatbank.ro\/lexikon\/termek\/joel-izsak-%c2%a7\/","title":{"rendered":"JOEL Izs\u00e1k, \u00a7"},"content":{"rendered":"<p>? \u2020 ?: asztalos. \u2013 Asztalosmester Mv.-en. G\u00e9ppusk\u00e1s volt a 32. h. gy. e.-ben (1914. aug. \u2013 18. nov.), az orosz, olasz, szerb, rom\u00e1n \u00e9s montenegr\u00f3i harct\u00e9ren szakaszvezet\u0151. <strong>Kit\u00fcntet\u00e9sei:<\/strong> k\u00e9tszer O2, seb. \u00e9rem ig. a., K\u00e1roly cs. k. <br \/><strong>Irod.:<\/strong> M. hadviselt zsid\u00f3k<\/br><\/p>\n","protected":false},"excerpt":{"rendered":"<p>? \u2020 ?: asztalos. \u2013 Asztalosmester Mv.-en. G\u00e9ppusk\u00e1s volt a 32. h. gy. e.-ben (1914. aug. \u2013 18. nov.), az orosz, olasz, szerb, rom\u00e1n \u00e9s montenegr\u00f3i harct\u00e9ren szakaszvezet\u0151. Kit\u00fcntet\u00e9sei: k\u00e9tszer O2, seb. \u00e9rem ig. a., K\u00e1roly cs. k. Irod.: M. hadviselt zsid\u00f3k<\/p>\n","protected":false},"featured_media":0,"comment_status":"open","ping_status":"closed","template":"","meta":[],"product_brand":[],"product_cat":[137],"product_tag":[],"class_list":{"0":"post-10906","1":"product","2":"type-product","3":"status-publish","5":"product_cat-maros-megyei-eletrajzi-lexikon","7":"first","8":"instock","9":"shipping-taxable","10":"product-type-simple"},"_links":{"self":[{"href":"https:\/\/uj.adatbank.ro\/lexikon\/wp-json\/wp\/v2\/product\/10906","targetHints":{"allow":["GET"]}}],"collection":[{"href":"https:\/\/uj.adatbank.ro\/lexikon\/wp-json\/wp\/v2\/product"}],"about":[{"href":"https:\/\/uj.adatbank.ro\/lexikon\/wp-json\/wp\/v2\/types\/product"}],"replies":[{"embeddable":true,"href":"https:\/\/uj.adatbank.ro\/lexikon\/wp-json\/wp\/v2\/comments?post=10906"}],"wp:attachment":[{"href":"https:\/\/uj.adatbank.ro\/lexikon\/wp-json\/wp\/v2\/media?parent=10906"}],"wp:term":[{"taxonomy":"product_brand","embeddable":true,"href":"https:\/\/uj.adatbank.ro\/lexikon\/wp-json\/wp\/v2\/product_brand?post=10906"},{"taxonomy":"product_cat","embeddable":true,"href":"https:\/\/uj.adatbank.ro\/lexikon\/wp-json\/wp\/v2\/product_cat?post=10906"},{"taxonomy":"product_tag","embeddable":true,"href":"https:\/\/uj.adatbank.ro\/lexikon\/wp-json\/wp\/v2\/product_tag?post=10906"}],"curies":[{"name":"wp","href":"https:\/\/api.w.org\/{rel}","templated":true}]}}