{"id":10909,"date":"2025-06-29T13:35:34","date_gmt":"2025-06-29T11:35:34","guid":{"rendered":"https:\/\/uj.adatbank.ro\/lexikon\/termek\/johannes-2\/"},"modified":"2025-06-29T13:35:34","modified_gmt":"2025-06-29T11:35:34","slug":"johannes-2","status":"publish","type":"product","link":"https:\/\/uj.adatbank.ro\/lexikon\/termek\/johannes-2\/","title":{"rendered":"JOHANNES"},"content":{"rendered":"<p>? \u2020 ?: ev. lelk\u00e9sz. \u2013 Sz\u00e1szd\u00e1ny\u00e1nban m\u0171k\u00f6d\u00f6tt (1345). <br \/><strong>Irod.:<\/strong> Apold<\/br><\/p>\n","protected":false},"excerpt":{"rendered":"<p>? \u2020 ?: ev. lelk\u00e9sz. \u2013 Sz\u00e1szd\u00e1ny\u00e1nban m\u0171k\u00f6d\u00f6tt (1345). Irod.: Apold<\/p>\n","protected":false},"featured_media":0,"comment_status":"open","ping_status":"closed","template":"","meta":[],"product_brand":[],"product_cat":[137],"product_tag":[],"class_list":{"0":"post-10909","1":"product","2":"type-product","3":"status-publish","5":"product_cat-maros-megyei-eletrajzi-lexikon","7":"first","8":"instock","9":"shipping-taxable","10":"product-type-simple"},"_links":{"self":[{"href":"https:\/\/uj.adatbank.ro\/lexikon\/wp-json\/wp\/v2\/product\/10909","targetHints":{"allow":["GET"]}}],"collection":[{"href":"https:\/\/uj.adatbank.ro\/lexikon\/wp-json\/wp\/v2\/product"}],"about":[{"href":"https:\/\/uj.adatbank.ro\/lexikon\/wp-json\/wp\/v2\/types\/product"}],"replies":[{"embeddable":true,"href":"https:\/\/uj.adatbank.ro\/lexikon\/wp-json\/wp\/v2\/comments?post=10909"}],"wp:attachment":[{"href":"https:\/\/uj.adatbank.ro\/lexikon\/wp-json\/wp\/v2\/media?parent=10909"}],"wp:term":[{"taxonomy":"product_brand","embeddable":true,"href":"https:\/\/uj.adatbank.ro\/lexikon\/wp-json\/wp\/v2\/product_brand?post=10909"},{"taxonomy":"product_cat","embeddable":true,"href":"https:\/\/uj.adatbank.ro\/lexikon\/wp-json\/wp\/v2\/product_cat?post=10909"},{"taxonomy":"product_tag","embeddable":true,"href":"https:\/\/uj.adatbank.ro\/lexikon\/wp-json\/wp\/v2\/product_tag?post=10909"}],"curies":[{"name":"wp","href":"https:\/\/api.w.org\/{rel}","templated":true}]}}