{"id":10914,"date":"2025-06-29T13:35:46","date_gmt":"2025-06-29T11:35:46","guid":{"rendered":"https:\/\/uj.adatbank.ro\/lexikon\/termek\/joksman-nandor-joksmann-nandor\/"},"modified":"2025-06-29T13:35:46","modified_gmt":"2025-06-29T11:35:46","slug":"joksman-nandor-joksmann-nandor","status":"publish","type":"product","link":"https:\/\/uj.adatbank.ro\/lexikon\/termek\/joksman-nandor-joksmann-nandor\/","title":{"rendered":"JOKSMAN N\u00e1ndor, Joksmann N\u00e1ndor"},"content":{"rendered":"<p>? \u2020\u00a0? : f\u00f6ldbirtokos. \u2013 Feles\u00e9ge: di\u00f3dv\u00e1rlajai Wass Irma (1850 \u2013 Mv., 1924. \u00e1pr. 16). Fiaik: dr. nagyv\u00e1radi Incz\u00e9dy -Joksman N\u00e1ndor; dr. I. -J. \u00d6d\u00f6n. <br \/><strong>Irod.:<\/strong> Gy\u00e1szjelent\u0151<\/br><\/p>\n","protected":false},"excerpt":{"rendered":"<p>? \u2020\u00a0? : f\u00f6ldbirtokos. \u2013 Feles\u00e9ge: di\u00f3dv\u00e1rlajai Wass Irma (1850 \u2013 Mv., 1924. \u00e1pr. 16). Fiaik: dr. nagyv\u00e1radi Incz\u00e9dy -Joksman N\u00e1ndor; dr. I. -J. \u00d6d\u00f6n. Irod.: Gy\u00e1szjelent\u0151<\/p>\n","protected":false},"featured_media":0,"comment_status":"open","ping_status":"closed","template":"","meta":[],"product_brand":[],"product_cat":[137],"product_tag":[],"class_list":{"0":"post-10914","1":"product","2":"type-product","3":"status-publish","5":"product_cat-maros-megyei-eletrajzi-lexikon","7":"first","8":"instock","9":"shipping-taxable","10":"product-type-simple"},"_links":{"self":[{"href":"https:\/\/uj.adatbank.ro\/lexikon\/wp-json\/wp\/v2\/product\/10914","targetHints":{"allow":["GET"]}}],"collection":[{"href":"https:\/\/uj.adatbank.ro\/lexikon\/wp-json\/wp\/v2\/product"}],"about":[{"href":"https:\/\/uj.adatbank.ro\/lexikon\/wp-json\/wp\/v2\/types\/product"}],"replies":[{"embeddable":true,"href":"https:\/\/uj.adatbank.ro\/lexikon\/wp-json\/wp\/v2\/comments?post=10914"}],"wp:attachment":[{"href":"https:\/\/uj.adatbank.ro\/lexikon\/wp-json\/wp\/v2\/media?parent=10914"}],"wp:term":[{"taxonomy":"product_brand","embeddable":true,"href":"https:\/\/uj.adatbank.ro\/lexikon\/wp-json\/wp\/v2\/product_brand?post=10914"},{"taxonomy":"product_cat","embeddable":true,"href":"https:\/\/uj.adatbank.ro\/lexikon\/wp-json\/wp\/v2\/product_cat?post=10914"},{"taxonomy":"product_tag","embeddable":true,"href":"https:\/\/uj.adatbank.ro\/lexikon\/wp-json\/wp\/v2\/product_tag?post=10914"}],"curies":[{"name":"wp","href":"https:\/\/api.w.org\/{rel}","templated":true}]}}