{"id":10916,"date":"2025-06-29T13:35:50","date_gmt":"2025-06-29T11:35:50","guid":{"rendered":"https:\/\/uj.adatbank.ro\/lexikon\/termek\/jonas-gyorgy\/"},"modified":"2025-06-29T13:35:50","modified_gmt":"2025-06-29T11:35:50","slug":"jonas-gyorgy","status":"publish","type":"product","link":"https:\/\/uj.adatbank.ro\/lexikon\/termek\/jonas-gyorgy\/","title":{"rendered":"J\u00d3N\u00c1S Gy\u00f6rgy"},"content":{"rendered":"<p>? \u2020\u00a0?: k\u00e9pz\u0151m\u0171v\u00e9sz. \u2013Kv.-i K\u00e9pz\u0151m\u0171v. F\u0151iskol\u00e1n v\u00e9gzett. Grafikus \u00e9s fest\u0151, kiv\u00e1ndorolt Izraelbe. <br \/><strong>Irod.:<\/strong> Moln\u00e1r; Szab\u00f3\u2013K\u00e1llai<\/br><\/p>\n","protected":false},"excerpt":{"rendered":"<p>? \u2020\u00a0?: k\u00e9pz\u0151m\u0171v\u00e9sz. \u2013Kv.-i K\u00e9pz\u0151m\u0171v. F\u0151iskol\u00e1n v\u00e9gzett. Grafikus \u00e9s fest\u0151, kiv\u00e1ndorolt Izraelbe. Irod.: Moln\u00e1r; Szab\u00f3\u2013K\u00e1llai<\/p>\n","protected":false},"featured_media":0,"comment_status":"open","ping_status":"closed","template":"","meta":[],"product_brand":[],"product_cat":[137],"product_tag":[],"class_list":{"0":"post-10916","1":"product","2":"type-product","3":"status-publish","5":"product_cat-maros-megyei-eletrajzi-lexikon","7":"first","8":"instock","9":"shipping-taxable","10":"product-type-simple"},"_links":{"self":[{"href":"https:\/\/uj.adatbank.ro\/lexikon\/wp-json\/wp\/v2\/product\/10916","targetHints":{"allow":["GET"]}}],"collection":[{"href":"https:\/\/uj.adatbank.ro\/lexikon\/wp-json\/wp\/v2\/product"}],"about":[{"href":"https:\/\/uj.adatbank.ro\/lexikon\/wp-json\/wp\/v2\/types\/product"}],"replies":[{"embeddable":true,"href":"https:\/\/uj.adatbank.ro\/lexikon\/wp-json\/wp\/v2\/comments?post=10916"}],"wp:attachment":[{"href":"https:\/\/uj.adatbank.ro\/lexikon\/wp-json\/wp\/v2\/media?parent=10916"}],"wp:term":[{"taxonomy":"product_brand","embeddable":true,"href":"https:\/\/uj.adatbank.ro\/lexikon\/wp-json\/wp\/v2\/product_brand?post=10916"},{"taxonomy":"product_cat","embeddable":true,"href":"https:\/\/uj.adatbank.ro\/lexikon\/wp-json\/wp\/v2\/product_cat?post=10916"},{"taxonomy":"product_tag","embeddable":true,"href":"https:\/\/uj.adatbank.ro\/lexikon\/wp-json\/wp\/v2\/product_tag?post=10916"}],"curies":[{"name":"wp","href":"https:\/\/api.w.org\/{rel}","templated":true}]}}