{"id":10917,"date":"2025-06-29T13:35:54","date_gmt":"2025-06-29T11:35:54","guid":{"rendered":"https:\/\/uj.adatbank.ro\/lexikon\/termek\/jonas-zsigmond\/"},"modified":"2025-06-29T13:35:54","modified_gmt":"2025-06-29T11:35:54","slug":"jonas-zsigmond","status":"publish","type":"product","link":"https:\/\/uj.adatbank.ro\/lexikon\/termek\/jonas-zsigmond\/","title":{"rendered":"J\u00d3N\u00c1S Zsigmond"},"content":{"rendered":"<p>\u00c1kosfalva, 1898., \u2020\u00a0?: keresked\u0151. \u2013 Iskol\u00e1i elv\u00e9gz\u00e9se ut\u00e1n mint keresked\u0151 dolgozott, \u00f6n\u00e1ll\u00f3 lett Ny\u00e1r\u00e1dszered\u00e1n (1926), \u00fczlete J\u00f3n\u00e1s \u00e9s T\u00e1rsa n\u00e9ven lett h\u00edres. Az els\u0151 vh.-ban az orosz, rom\u00e1n \u00e9s olasz fronton harcolt, A bronz \u00e9rem \u00e9s a K\u00e1roly Csapatkereszt kit\u00fcntetettje volt. Mv. -r\u0151l deport\u00e1lt\u00e1k feles\u00e9g\u00e9vel egy\u00fctt (1944. m\u00e1j. 29.). <br \/><strong>Irod.:<\/strong> Mv. zsid\u00f3s\u00e1ga; Sz\u00e9kelyf\u00f6ld \u00ed. k.<\/br><\/p>\n","protected":false},"excerpt":{"rendered":"<p>\u00c1kosfalva, 1898., \u2020\u00a0?: keresked\u0151. \u2013 Iskol\u00e1i elv\u00e9gz\u00e9se ut\u00e1n mint keresked\u0151 dolgozott, \u00f6n\u00e1ll\u00f3 lett Ny\u00e1r\u00e1dszered\u00e1n (1926), \u00fczlete J\u00f3n\u00e1s \u00e9s T\u00e1rsa n\u00e9ven lett h\u00edres. Az els\u0151 vh.-ban az orosz, rom\u00e1n \u00e9s olasz fronton harcolt, A bronz \u00e9rem \u00e9s a K\u00e1roly Csapatkereszt kit\u00fcntetettje volt. Mv. -r\u0151l deport\u00e1lt\u00e1k feles\u00e9g\u00e9vel egy\u00fctt (1944. m\u00e1j. 29.). Irod.: Mv. zsid\u00f3s\u00e1ga; Sz\u00e9kelyf\u00f6ld \u00ed. k.<\/p>\n","protected":false},"featured_media":0,"comment_status":"open","ping_status":"closed","template":"","meta":[],"product_brand":[],"product_cat":[137],"product_tag":[],"class_list":{"0":"post-10917","1":"product","2":"type-product","3":"status-publish","5":"product_cat-maros-megyei-eletrajzi-lexikon","7":"first","8":"instock","9":"shipping-taxable","10":"product-type-simple"},"_links":{"self":[{"href":"https:\/\/uj.adatbank.ro\/lexikon\/wp-json\/wp\/v2\/product\/10917","targetHints":{"allow":["GET"]}}],"collection":[{"href":"https:\/\/uj.adatbank.ro\/lexikon\/wp-json\/wp\/v2\/product"}],"about":[{"href":"https:\/\/uj.adatbank.ro\/lexikon\/wp-json\/wp\/v2\/types\/product"}],"replies":[{"embeddable":true,"href":"https:\/\/uj.adatbank.ro\/lexikon\/wp-json\/wp\/v2\/comments?post=10917"}],"wp:attachment":[{"href":"https:\/\/uj.adatbank.ro\/lexikon\/wp-json\/wp\/v2\/media?parent=10917"}],"wp:term":[{"taxonomy":"product_brand","embeddable":true,"href":"https:\/\/uj.adatbank.ro\/lexikon\/wp-json\/wp\/v2\/product_brand?post=10917"},{"taxonomy":"product_cat","embeddable":true,"href":"https:\/\/uj.adatbank.ro\/lexikon\/wp-json\/wp\/v2\/product_cat?post=10917"},{"taxonomy":"product_tag","embeddable":true,"href":"https:\/\/uj.adatbank.ro\/lexikon\/wp-json\/wp\/v2\/product_tag?post=10917"}],"curies":[{"name":"wp","href":"https:\/\/api.w.org\/{rel}","templated":true}]}}