{"id":10918,"date":"2025-06-29T13:35:55","date_gmt":"2025-06-29T11:35:55","guid":{"rendered":"https:\/\/uj.adatbank.ro\/lexikon\/termek\/joo-imre\/"},"modified":"2025-06-29T13:35:55","modified_gmt":"2025-06-29T11:35:55","slug":"joo-imre","status":"publish","type":"product","link":"https:\/\/uj.adatbank.ro\/lexikon\/termek\/joo-imre\/","title":{"rendered":"JO\u00d3 Imre"},"content":{"rendered":"<p>Nagyenyed, 1909. okt. 25. \u2020 ?: hord\u00f3k\u00e9sz\u00edt\u0151 mester, igazgat\u00f3. \u2013 A mv.-i Keresztessy J\u00e1nos Hord\u00f3k\u00e9sz\u00edt\u0151 Gy\u00e1rban szakmunk\u00e1sk\u00e9nt dolgozott (1945\u2013), j\u00f3 szakemberk\u00e9nt k\u00f6ztiszteletnek \u00f6rvendett. A RKP illeg\u00e1lis harcosa (1939\u2013), majd a RMP tagja (1945). A gy\u00e1r \u00e1llamos\u00edt\u00e1sakor kinevezt\u00e9k igazgat\u00f3nak (1948. j\u00fan. 11.). <br \/><strong>Irod.:<\/strong> Bartos Zolt\u00e1n<\/br><\/p>\n","protected":false},"excerpt":{"rendered":"<p>Nagyenyed, 1909. okt. 25. \u2020 ?: hord\u00f3k\u00e9sz\u00edt\u0151 mester, igazgat\u00f3. \u2013 A mv.-i Keresztessy J\u00e1nos Hord\u00f3k\u00e9sz\u00edt\u0151 Gy\u00e1rban szakmunk\u00e1sk\u00e9nt dolgozott (1945\u2013), j\u00f3 szakemberk\u00e9nt k\u00f6ztiszteletnek \u00f6rvendett. A RKP illeg\u00e1lis harcosa (1939\u2013), majd a RMP tagja (1945). A gy\u00e1r \u00e1llamos\u00edt\u00e1sakor kinevezt\u00e9k igazgat\u00f3nak (1948. j\u00fan. 11.). Irod.: Bartos Zolt\u00e1n<\/p>\n","protected":false},"featured_media":0,"comment_status":"open","ping_status":"closed","template":"","meta":[],"product_brand":[],"product_cat":[137],"product_tag":[],"class_list":{"0":"post-10918","1":"product","2":"type-product","3":"status-publish","5":"product_cat-maros-megyei-eletrajzi-lexikon","7":"first","8":"instock","9":"shipping-taxable","10":"product-type-simple"},"_links":{"self":[{"href":"https:\/\/uj.adatbank.ro\/lexikon\/wp-json\/wp\/v2\/product\/10918","targetHints":{"allow":["GET"]}}],"collection":[{"href":"https:\/\/uj.adatbank.ro\/lexikon\/wp-json\/wp\/v2\/product"}],"about":[{"href":"https:\/\/uj.adatbank.ro\/lexikon\/wp-json\/wp\/v2\/types\/product"}],"replies":[{"embeddable":true,"href":"https:\/\/uj.adatbank.ro\/lexikon\/wp-json\/wp\/v2\/comments?post=10918"}],"wp:attachment":[{"href":"https:\/\/uj.adatbank.ro\/lexikon\/wp-json\/wp\/v2\/media?parent=10918"}],"wp:term":[{"taxonomy":"product_brand","embeddable":true,"href":"https:\/\/uj.adatbank.ro\/lexikon\/wp-json\/wp\/v2\/product_brand?post=10918"},{"taxonomy":"product_cat","embeddable":true,"href":"https:\/\/uj.adatbank.ro\/lexikon\/wp-json\/wp\/v2\/product_cat?post=10918"},{"taxonomy":"product_tag","embeddable":true,"href":"https:\/\/uj.adatbank.ro\/lexikon\/wp-json\/wp\/v2\/product_tag?post=10918"}],"curies":[{"name":"wp","href":"https:\/\/api.w.org\/{rel}","templated":true}]}}