{"id":10919,"date":"2025-06-29T13:35:57","date_gmt":"2025-06-29T11:35:57","guid":{"rendered":"https:\/\/uj.adatbank.ro\/lexikon\/termek\/joo-istvan\/"},"modified":"2025-06-29T13:35:57","modified_gmt":"2025-06-29T11:35:57","slug":"joo-istvan","status":"publish","type":"product","link":"https:\/\/uj.adatbank.ro\/lexikon\/termek\/joo-istvan\/","title":{"rendered":"JO\u00d3 Istv\u00e1n"},"content":{"rendered":"<p>? \u2020\u00a0?: m\u00e9rn\u00f6k. \u2013 Kir. seg\u00e9dm\u00e9rn\u00f6k, az Orsz\u00e1gos V\u00edz\u00e9p\u00edt\u00e9si Hivatal k\u00e9pvisel\u0151je. Mv. v\u00e1ros csatornah\u00e1l\u00f3zata \u00e9p\u00fclt az \u00e1ltala k\u00e9sz\u00edtett tervek szerint (1907\u201311). <br \/><strong>Irod.:<\/strong> Bern\u00e1dy; Kelemen \u00c1rp\u00e1d: A csatorn\u00e1z\u00e1si munk\u00e1latok m\u00e1rv\u00e1nyt\u00e1bl\u00e1i (N\u00fa. \u00e9vk., 2009)<\/br><\/p>\n","protected":false},"excerpt":{"rendered":"<p>? \u2020\u00a0?: m\u00e9rn\u00f6k. \u2013 Kir. seg\u00e9dm\u00e9rn\u00f6k, az Orsz\u00e1gos V\u00edz\u00e9p\u00edt\u00e9si Hivatal k\u00e9pvisel\u0151je. Mv. v\u00e1ros csatornah\u00e1l\u00f3zata \u00e9p\u00fclt az \u00e1ltala k\u00e9sz\u00edtett tervek szerint (1907\u201311). Irod.: Bern\u00e1dy; Kelemen \u00c1rp\u00e1d: A csatorn\u00e1z\u00e1si munk\u00e1latok m\u00e1rv\u00e1nyt\u00e1bl\u00e1i (N\u00fa. \u00e9vk., 2009)<\/p>\n","protected":false},"featured_media":0,"comment_status":"open","ping_status":"closed","template":"","meta":[],"product_brand":[],"product_cat":[137],"product_tag":[],"class_list":{"0":"post-10919","1":"product","2":"type-product","3":"status-publish","5":"product_cat-maros-megyei-eletrajzi-lexikon","7":"first","8":"instock","9":"shipping-taxable","10":"product-type-simple"},"_links":{"self":[{"href":"https:\/\/uj.adatbank.ro\/lexikon\/wp-json\/wp\/v2\/product\/10919","targetHints":{"allow":["GET"]}}],"collection":[{"href":"https:\/\/uj.adatbank.ro\/lexikon\/wp-json\/wp\/v2\/product"}],"about":[{"href":"https:\/\/uj.adatbank.ro\/lexikon\/wp-json\/wp\/v2\/types\/product"}],"replies":[{"embeddable":true,"href":"https:\/\/uj.adatbank.ro\/lexikon\/wp-json\/wp\/v2\/comments?post=10919"}],"wp:attachment":[{"href":"https:\/\/uj.adatbank.ro\/lexikon\/wp-json\/wp\/v2\/media?parent=10919"}],"wp:term":[{"taxonomy":"product_brand","embeddable":true,"href":"https:\/\/uj.adatbank.ro\/lexikon\/wp-json\/wp\/v2\/product_brand?post=10919"},{"taxonomy":"product_cat","embeddable":true,"href":"https:\/\/uj.adatbank.ro\/lexikon\/wp-json\/wp\/v2\/product_cat?post=10919"},{"taxonomy":"product_tag","embeddable":true,"href":"https:\/\/uj.adatbank.ro\/lexikon\/wp-json\/wp\/v2\/product_tag?post=10919"}],"curies":[{"name":"wp","href":"https:\/\/api.w.org\/{rel}","templated":true}]}}