{"id":10924,"date":"2025-06-29T13:36:06","date_gmt":"2025-06-29T11:36:06","guid":{"rendered":"https:\/\/uj.adatbank.ro\/lexikon\/termek\/jordens-friederich\/"},"modified":"2025-06-29T13:36:06","modified_gmt":"2025-06-29T11:36:06","slug":"jordens-friederich","status":"publish","type":"product","link":"https:\/\/uj.adatbank.ro\/lexikon\/termek\/jordens-friederich\/","title":{"rendered":"J\u00d6RDENS Friederich"},"content":{"rendered":"<p>? \u2020\u00a0?: nyomd\u00e1sz. \u2013 A csal\u00e1dj\u00e1val Szebenb\u0151l telepedett Segesv\u00e1rra (1868). Friedrich Kraner kiad\u00e1s\u00e1ban adt\u00e1k ki az els\u0151 segesv\u00e1ri hetilapot Sch\u00e4sische Volksblat c\u00edm\u0171t, \u00e9s nyomt\u00e1k a Friedrich Kraner &#038; Friederich J\u00f6rdens nyomd\u00e1ban (1869) \u00f6sszesen 10 h\u00f3napig. A kapcsolat elromlott a nyomdatulajdonosok k\u00f6z\u00f6tt \u00e9s egyed\u00fcli tuladonosk\u00e9nt jelenteti meg a m\u00e1sodik segesv\u00e1ri lapot Sch\u00e4ssburger Anzeiger n\u00e9ven (1872\u20131900). A fiai folytatt\u00e1k a tev\u00e9kenys\u00e9get \u00e9s v\u00e1ltozatlan c\u00edmmel adt\u00e1k ki a lapot (1900-ig), ekkor \u00faj n\u00e9ven jelentett\u00e9k meg Sch\u00e4ssburger Zeitung c. (1901\u20131904) \u00e9s eladt\u00e1k W. Krafftnak, aki v\u00e1ltozatlan form\u00e1ban adta ki (1905\u201319). <br \/><strong>Irod.:<\/strong> Popt\u0103ma\u015f\u2013M\u00f3zes; Te\u015fcul\u0103, Nicolae: Promotori ai culturii la Sighi\u015foara: Tipografii (Vatra veche, nr. 8., 2009)<\/br><\/p>\n","protected":false},"excerpt":{"rendered":"<p>? \u2020\u00a0?: nyomd\u00e1sz. \u2013 A csal\u00e1dj\u00e1val Szebenb\u0151l telepedett Segesv\u00e1rra (1868). Friedrich Kraner kiad\u00e1s\u00e1ban adt\u00e1k ki az els\u0151 segesv\u00e1ri hetilapot Sch\u00e4sische Volksblat c\u00edm\u0171t, \u00e9s nyomt\u00e1k a Friedrich Kraner &#038; Friederich J\u00f6rdens nyomd\u00e1ban (1869) \u00f6sszesen 10 h\u00f3napig. A kapcsolat elromlott a nyomdatulajdonosok k\u00f6z\u00f6tt \u00e9s egyed\u00fcli tuladonosk\u00e9nt jelenteti meg a m\u00e1sodik segesv\u00e1ri lapot Sch\u00e4ssburger Anzeiger n\u00e9ven (1872\u20131900). A [&hellip;]<\/p>\n","protected":false},"featured_media":0,"comment_status":"open","ping_status":"closed","template":"","meta":[],"product_brand":[],"product_cat":[137],"product_tag":[],"class_list":{"0":"post-10924","1":"product","2":"type-product","3":"status-publish","5":"product_cat-maros-megyei-eletrajzi-lexikon","7":"first","8":"instock","9":"shipping-taxable","10":"product-type-simple"},"_links":{"self":[{"href":"https:\/\/uj.adatbank.ro\/lexikon\/wp-json\/wp\/v2\/product\/10924","targetHints":{"allow":["GET"]}}],"collection":[{"href":"https:\/\/uj.adatbank.ro\/lexikon\/wp-json\/wp\/v2\/product"}],"about":[{"href":"https:\/\/uj.adatbank.ro\/lexikon\/wp-json\/wp\/v2\/types\/product"}],"replies":[{"embeddable":true,"href":"https:\/\/uj.adatbank.ro\/lexikon\/wp-json\/wp\/v2\/comments?post=10924"}],"wp:attachment":[{"href":"https:\/\/uj.adatbank.ro\/lexikon\/wp-json\/wp\/v2\/media?parent=10924"}],"wp:term":[{"taxonomy":"product_brand","embeddable":true,"href":"https:\/\/uj.adatbank.ro\/lexikon\/wp-json\/wp\/v2\/product_brand?post=10924"},{"taxonomy":"product_cat","embeddable":true,"href":"https:\/\/uj.adatbank.ro\/lexikon\/wp-json\/wp\/v2\/product_cat?post=10924"},{"taxonomy":"product_tag","embeddable":true,"href":"https:\/\/uj.adatbank.ro\/lexikon\/wp-json\/wp\/v2\/product_tag?post=10924"}],"curies":[{"name":"wp","href":"https:\/\/api.w.org\/{rel}","templated":true}]}}