{"id":10928,"date":"2025-06-29T13:36:16","date_gmt":"2025-06-29T11:36:16","guid":{"rendered":"https:\/\/uj.adatbank.ro\/lexikon\/termek\/josefovits-samu\/"},"modified":"2025-06-29T13:36:16","modified_gmt":"2025-06-29T11:36:16","slug":"josefovits-samu","status":"publish","type":"product","link":"https:\/\/uj.adatbank.ro\/lexikon\/termek\/josefovits-samu\/","title":{"rendered":"JOSEFOVITS Samu"},"content":{"rendered":"<p>Marosugra, 1893., \u2020\u00a0? : keresked\u0151. \u2013 Bp.-en v\u00e9gezte el iskol\u00e1it, u. o. tanulta a szakm\u00e1t is. Fogarason lett \u00f6n\u00e1ll\u00f3 (1924), azut\u00e1n Mv.-en nyitott \u00fczletet. Az els\u0151 vh.-ban az olasz fronton harcolt \u00e9s mint \u0151rmester szerelt le, K\u00e1roly Csapatkereszt kit\u00fcntet\u00e9ssel. <br \/><strong>Irod.:<\/strong> Sz\u00e9kelyf\u00f6ld \u00ed. k.<\/br><\/p>\n","protected":false},"excerpt":{"rendered":"<p>Marosugra, 1893., \u2020\u00a0? : keresked\u0151. \u2013 Bp.-en v\u00e9gezte el iskol\u00e1it, u. o. tanulta a szakm\u00e1t is. Fogarason lett \u00f6n\u00e1ll\u00f3 (1924), azut\u00e1n Mv.-en nyitott \u00fczletet. Az els\u0151 vh.-ban az olasz fronton harcolt \u00e9s mint \u0151rmester szerelt le, K\u00e1roly Csapatkereszt kit\u00fcntet\u00e9ssel. Irod.: Sz\u00e9kelyf\u00f6ld \u00ed. k.<\/p>\n","protected":false},"featured_media":0,"comment_status":"open","ping_status":"closed","template":"","meta":[],"product_brand":[],"product_cat":[137],"product_tag":[],"class_list":{"0":"post-10928","1":"product","2":"type-product","3":"status-publish","5":"product_cat-maros-megyei-eletrajzi-lexikon","7":"first","8":"instock","9":"shipping-taxable","10":"product-type-simple"},"_links":{"self":[{"href":"https:\/\/uj.adatbank.ro\/lexikon\/wp-json\/wp\/v2\/product\/10928","targetHints":{"allow":["GET"]}}],"collection":[{"href":"https:\/\/uj.adatbank.ro\/lexikon\/wp-json\/wp\/v2\/product"}],"about":[{"href":"https:\/\/uj.adatbank.ro\/lexikon\/wp-json\/wp\/v2\/types\/product"}],"replies":[{"embeddable":true,"href":"https:\/\/uj.adatbank.ro\/lexikon\/wp-json\/wp\/v2\/comments?post=10928"}],"wp:attachment":[{"href":"https:\/\/uj.adatbank.ro\/lexikon\/wp-json\/wp\/v2\/media?parent=10928"}],"wp:term":[{"taxonomy":"product_brand","embeddable":true,"href":"https:\/\/uj.adatbank.ro\/lexikon\/wp-json\/wp\/v2\/product_brand?post=10928"},{"taxonomy":"product_cat","embeddable":true,"href":"https:\/\/uj.adatbank.ro\/lexikon\/wp-json\/wp\/v2\/product_cat?post=10928"},{"taxonomy":"product_tag","embeddable":true,"href":"https:\/\/uj.adatbank.ro\/lexikon\/wp-json\/wp\/v2\/product_tag?post=10928"}],"curies":[{"name":"wp","href":"https:\/\/api.w.org\/{rel}","templated":true}]}}