{"id":10929,"date":"2025-06-29T13:36:17","date_gmt":"2025-06-29T11:36:17","guid":{"rendered":"https:\/\/uj.adatbank.ro\/lexikon\/termek\/josika-agnes-branyicskai-br-bethlen-samuelne\/"},"modified":"2025-06-29T13:36:17","modified_gmt":"2025-06-29T11:36:17","slug":"josika-agnes-branyicskai-br-bethlen-samuelne","status":"publish","type":"product","link":"https:\/\/uj.adatbank.ro\/lexikon\/termek\/josika-agnes-branyicskai-br-bethlen-samuelne\/","title":{"rendered":"J\u00d3SIKA \u00c1gnes, branyicskai br., Bethlen S\u00e1mueln\u00e9"},"content":{"rendered":"<p>? \u2020\u00a0?: F\u00e9rje: bethleni Bethlen S\u00e1muel, akinnek 2. feles\u00e9ge (esk. 1735). Fi\u00fak S\u00e1muel (1736\u20131751), anyja hal\u00e1la ut\u00e1n gr. Bethlen Kata nevelte. Adom\u00e1nya a bonyhai ref. gy\u00fclekezetnek: aranyozott ez\u00fcst l\u00e1bas poh\u00e1r, serleg (17. sz.-i), serleg (1736), gyolcsabrosz (1749). <br \/><strong>Irod.:<\/strong> \u00c1rva Bethlen K.; K\u00fck\u00fcll\u0151i Ref. Egyh\u00e1zm. 1.; Lukinich<\/br><\/p>\n","protected":false},"excerpt":{"rendered":"<p>? \u2020\u00a0?: F\u00e9rje: bethleni Bethlen S\u00e1muel, akinnek 2. feles\u00e9ge (esk. 1735). Fi\u00fak S\u00e1muel (1736\u20131751), anyja hal\u00e1la ut\u00e1n gr. Bethlen Kata nevelte. Adom\u00e1nya a bonyhai ref. gy\u00fclekezetnek: aranyozott ez\u00fcst l\u00e1bas poh\u00e1r, serleg (17. sz.-i), serleg (1736), gyolcsabrosz (1749). Irod.: \u00c1rva Bethlen K.; K\u00fck\u00fcll\u0151i Ref. Egyh\u00e1zm. 1.; Lukinich<\/p>\n","protected":false},"featured_media":0,"comment_status":"open","ping_status":"closed","template":"","meta":[],"product_brand":[],"product_cat":[137],"product_tag":[],"class_list":{"0":"post-10929","1":"product","2":"type-product","3":"status-publish","5":"product_cat-maros-megyei-eletrajzi-lexikon","7":"first","8":"instock","9":"shipping-taxable","10":"product-type-simple"},"_links":{"self":[{"href":"https:\/\/uj.adatbank.ro\/lexikon\/wp-json\/wp\/v2\/product\/10929","targetHints":{"allow":["GET"]}}],"collection":[{"href":"https:\/\/uj.adatbank.ro\/lexikon\/wp-json\/wp\/v2\/product"}],"about":[{"href":"https:\/\/uj.adatbank.ro\/lexikon\/wp-json\/wp\/v2\/types\/product"}],"replies":[{"embeddable":true,"href":"https:\/\/uj.adatbank.ro\/lexikon\/wp-json\/wp\/v2\/comments?post=10929"}],"wp:attachment":[{"href":"https:\/\/uj.adatbank.ro\/lexikon\/wp-json\/wp\/v2\/media?parent=10929"}],"wp:term":[{"taxonomy":"product_brand","embeddable":true,"href":"https:\/\/uj.adatbank.ro\/lexikon\/wp-json\/wp\/v2\/product_brand?post=10929"},{"taxonomy":"product_cat","embeddable":true,"href":"https:\/\/uj.adatbank.ro\/lexikon\/wp-json\/wp\/v2\/product_cat?post=10929"},{"taxonomy":"product_tag","embeddable":true,"href":"https:\/\/uj.adatbank.ro\/lexikon\/wp-json\/wp\/v2\/product_tag?post=10929"}],"curies":[{"name":"wp","href":"https:\/\/api.w.org\/{rel}","templated":true}]}}