{"id":10933,"date":"2025-06-29T13:36:24","date_gmt":"2025-06-29T11:36:24","guid":{"rendered":"https:\/\/uj.adatbank.ro\/lexikon\/termek\/josika-imre-branyicskai-br\/"},"modified":"2025-06-29T13:36:24","modified_gmt":"2025-06-29T11:36:24","slug":"josika-imre-branyicskai-br","status":"publish","type":"product","link":"https:\/\/uj.adatbank.ro\/lexikon\/termek\/josika-imre-branyicskai-br\/","title":{"rendered":"J\u00d3SIKA Imre, branyicskai br."},"content":{"rendered":"<p>? \u2020\u00a0? : f\u0151isp\u00e1n. \u2013 J. Istv\u00e1n (1648\u20131696) \u00e9s szenttam\u00e1si Szal\u00e1nczi Erzs\u00e9bet v. Anna fia. Torda vm. f\u0151isp\u00e1nja (1711). Feles\u00e9ge galg\u00f3i R\u00e1tz Krisztina (\u2020\u00a01715. nov. 24. temet\u00e9se). Fia M\u00f3zes. \u2013 T\u00f6rv\u00e9nysz\u00e9ki \u00fcln\u00f6kk\u00e9 v\u00e1lasztott\u00e1k (1717. okt. 25.). <br \/><strong>Irod.:<\/strong> Gudenus; Halotti besz\u00e9dek; N\u00e1dudvari P\u00e9ter: Hermon kis hegye. Halotti besz\u00e9d R\u00e1polton, 1715. nov. 24. (Kv., 1717); Tr\u00f3cs\u00e1nyi 1988, Wessel\u00e9nyi Istv\u00e1n<\/br><\/p>\n","protected":false},"excerpt":{"rendered":"<p>? \u2020\u00a0? : f\u0151isp\u00e1n. \u2013 J. Istv\u00e1n (1648\u20131696) \u00e9s szenttam\u00e1si Szal\u00e1nczi Erzs\u00e9bet v. Anna fia. Torda vm. f\u0151isp\u00e1nja (1711). Feles\u00e9ge galg\u00f3i R\u00e1tz Krisztina (\u2020\u00a01715. nov. 24. temet\u00e9se). Fia M\u00f3zes. \u2013 T\u00f6rv\u00e9nysz\u00e9ki \u00fcln\u00f6kk\u00e9 v\u00e1lasztott\u00e1k (1717. okt. 25.). Irod.: Gudenus; Halotti besz\u00e9dek; N\u00e1dudvari P\u00e9ter: Hermon kis hegye. Halotti besz\u00e9d R\u00e1polton, 1715. nov. 24. (Kv., 1717); Tr\u00f3cs\u00e1nyi 1988, [&hellip;]<\/p>\n","protected":false},"featured_media":0,"comment_status":"open","ping_status":"closed","template":"","meta":[],"product_brand":[],"product_cat":[137],"product_tag":[],"class_list":{"0":"post-10933","1":"product","2":"type-product","3":"status-publish","5":"product_cat-maros-megyei-eletrajzi-lexikon","7":"first","8":"instock","9":"shipping-taxable","10":"product-type-simple"},"_links":{"self":[{"href":"https:\/\/uj.adatbank.ro\/lexikon\/wp-json\/wp\/v2\/product\/10933","targetHints":{"allow":["GET"]}}],"collection":[{"href":"https:\/\/uj.adatbank.ro\/lexikon\/wp-json\/wp\/v2\/product"}],"about":[{"href":"https:\/\/uj.adatbank.ro\/lexikon\/wp-json\/wp\/v2\/types\/product"}],"replies":[{"embeddable":true,"href":"https:\/\/uj.adatbank.ro\/lexikon\/wp-json\/wp\/v2\/comments?post=10933"}],"wp:attachment":[{"href":"https:\/\/uj.adatbank.ro\/lexikon\/wp-json\/wp\/v2\/media?parent=10933"}],"wp:term":[{"taxonomy":"product_brand","embeddable":true,"href":"https:\/\/uj.adatbank.ro\/lexikon\/wp-json\/wp\/v2\/product_brand?post=10933"},{"taxonomy":"product_cat","embeddable":true,"href":"https:\/\/uj.adatbank.ro\/lexikon\/wp-json\/wp\/v2\/product_cat?post=10933"},{"taxonomy":"product_tag","embeddable":true,"href":"https:\/\/uj.adatbank.ro\/lexikon\/wp-json\/wp\/v2\/product_tag?post=10933"}],"curies":[{"name":"wp","href":"https:\/\/api.w.org\/{rel}","templated":true}]}}