{"id":10934,"date":"2025-06-29T13:36:27","date_gmt":"2025-06-29T11:36:27","guid":{"rendered":"https:\/\/uj.adatbank.ro\/lexikon\/termek\/josika-jozsef-branyicskai-br\/"},"modified":"2025-06-29T13:36:27","modified_gmt":"2025-06-29T11:36:27","slug":"josika-jozsef-branyicskai-br","status":"publish","type":"product","link":"https:\/\/uj.adatbank.ro\/lexikon\/termek\/josika-jozsef-branyicskai-br\/","title":{"rendered":"J\u00d3SIKA J\u00f3zsef, branyicskai, br."},"content":{"rendered":"<p>? \u2020\u00a0? : f\u00f6ldbirtokos. \u2013 Mez\u0151pagocs\u00e1n birtokos \u00e9s udvarh\u00e1z tulajdonos (1739). Az udvarh\u00e1z utols\u00f3 tulajdonosa \u00e9rdszentkir\u00e1lyi Szentkir\u00e1lyi Gyula (1880\u2013) cs. k. husz\u00e1rhadnagy. Az \u00e1llamos\u00edt\u00e1s ut\u00e1n az udvarh\u00e1z mez\u0151gazdas\u00e1gi v\u00e1llalat lett. <br \/><strong>Irod.:<\/strong> B Nagy Margit 1970; Keresztes Gyula: \u00d6r\u00f6ks\u00e9g\u00fcnk 59.: A mez\u0151s\u00e9g udvarh\u00e1zai (N\u00fa., 1994. j\u00fal. 15.)<\/br><\/p>\n","protected":false},"excerpt":{"rendered":"<p>? \u2020\u00a0? : f\u00f6ldbirtokos. \u2013 Mez\u0151pagocs\u00e1n birtokos \u00e9s udvarh\u00e1z tulajdonos (1739). Az udvarh\u00e1z utols\u00f3 tulajdonosa \u00e9rdszentkir\u00e1lyi Szentkir\u00e1lyi Gyula (1880\u2013) cs. k. husz\u00e1rhadnagy. Az \u00e1llamos\u00edt\u00e1s ut\u00e1n az udvarh\u00e1z mez\u0151gazdas\u00e1gi v\u00e1llalat lett. Irod.: B Nagy Margit 1970; Keresztes Gyula: \u00d6r\u00f6ks\u00e9g\u00fcnk 59.: A mez\u0151s\u00e9g udvarh\u00e1zai (N\u00fa., 1994. j\u00fal. 15.)<\/p>\n","protected":false},"featured_media":0,"comment_status":"open","ping_status":"closed","template":"","meta":[],"product_brand":[],"product_cat":[137],"product_tag":[],"class_list":{"0":"post-10934","1":"product","2":"type-product","3":"status-publish","5":"product_cat-maros-megyei-eletrajzi-lexikon","7":"first","8":"instock","9":"shipping-taxable","10":"product-type-simple"},"_links":{"self":[{"href":"https:\/\/uj.adatbank.ro\/lexikon\/wp-json\/wp\/v2\/product\/10934","targetHints":{"allow":["GET"]}}],"collection":[{"href":"https:\/\/uj.adatbank.ro\/lexikon\/wp-json\/wp\/v2\/product"}],"about":[{"href":"https:\/\/uj.adatbank.ro\/lexikon\/wp-json\/wp\/v2\/types\/product"}],"replies":[{"embeddable":true,"href":"https:\/\/uj.adatbank.ro\/lexikon\/wp-json\/wp\/v2\/comments?post=10934"}],"wp:attachment":[{"href":"https:\/\/uj.adatbank.ro\/lexikon\/wp-json\/wp\/v2\/media?parent=10934"}],"wp:term":[{"taxonomy":"product_brand","embeddable":true,"href":"https:\/\/uj.adatbank.ro\/lexikon\/wp-json\/wp\/v2\/product_brand?post=10934"},{"taxonomy":"product_cat","embeddable":true,"href":"https:\/\/uj.adatbank.ro\/lexikon\/wp-json\/wp\/v2\/product_cat?post=10934"},{"taxonomy":"product_tag","embeddable":true,"href":"https:\/\/uj.adatbank.ro\/lexikon\/wp-json\/wp\/v2\/product_tag?post=10934"}],"curies":[{"name":"wp","href":"https:\/\/api.w.org\/{rel}","templated":true}]}}