{"id":10935,"date":"2025-06-29T13:36:29","date_gmt":"2025-06-29T11:36:29","guid":{"rendered":"https:\/\/uj.adatbank.ro\/lexikon\/termek\/josika-miklos-branyicskai-br\/"},"modified":"2025-06-29T13:36:29","modified_gmt":"2025-06-29T11:36:29","slug":"josika-miklos-branyicskai-br","status":"publish","type":"product","link":"https:\/\/uj.adatbank.ro\/lexikon\/termek\/josika-miklos-branyicskai-br\/","title":{"rendered":"J\u00d3SIKA Mikl\u00f3s, branyicskai br."},"content":{"rendered":"<p>? \u2020\u00a0Kv., 1824.: birtokos. \u2013 J. Imre \u00e9s k\u00e1szonimp\u00e9rfalvi br. Bornemisza Anna M\u00e1ria (\u2020 1804) fia. Feles\u00e9ge sz\u00e1rhegyi gr. L\u00e1z\u00e1r Eleonora (Meggyesfalva, 1771- Meggyesfalva, 1799. szept. 29., Temetve a mv.-i Ferencrendi templom alatti s\u00edrboltban). Fi\u00fak: J\u00f3sika Mikl\u00f3s az \u00edr\u00f3 (1794. \u2013 1865). A nemesi felkel\u00e9s lovass\u00e1gi \u0151rnagya (1809), k\u00f6nyvgy\u0171jt\u0151 volt (1789\u2013). Mv.-en utca viselte a nev\u00e9t <br \/><strong>Irod.:<\/strong> Bota, Sorina: A v\u00e1ros mes\u00e9i-\u00e9p\u00fcletek (Nagyszeben, 2011); Gudenus; Kem\u00e9ny Zs.; Kr\u00f3n F\u00fcz (1936. 17\/18); Mv.-i \u00f6rm\u00e9nyek; P\u00e1lmay, RMIL; Szeml\u00e9r Ferenc: J\u00f3sika Mikl\u00f3s, portr\u00e9 is. = Erd\u00e9lyi csillagok 1942 ; Vigh; L\u0151vy Ferenc: J\u00f3sika Mikl\u00f3s menek\u00fcl\u00e9se 1849-ben (N\u00e9met hiteles jelent\u00e9s alapj\u00e1n) = \u00dcnnepi k\u00f6nyv<\/br><\/p>\n","protected":false},"excerpt":{"rendered":"<p>? \u2020\u00a0Kv., 1824.: birtokos. \u2013 J. Imre \u00e9s k\u00e1szonimp\u00e9rfalvi br. Bornemisza Anna M\u00e1ria (\u2020 1804) fia. Feles\u00e9ge sz\u00e1rhegyi gr. L\u00e1z\u00e1r Eleonora (Meggyesfalva, 1771- Meggyesfalva, 1799. szept. 29., Temetve a mv.-i Ferencrendi templom alatti s\u00edrboltban). Fi\u00fak: J\u00f3sika Mikl\u00f3s az \u00edr\u00f3 (1794. \u2013 1865). A nemesi felkel\u00e9s lovass\u00e1gi \u0151rnagya (1809), k\u00f6nyvgy\u0171jt\u0151 volt (1789\u2013). Mv.-en utca viselte a [&hellip;]<\/p>\n","protected":false},"featured_media":0,"comment_status":"open","ping_status":"closed","template":"","meta":[],"product_brand":[],"product_cat":[137],"product_tag":[],"class_list":{"0":"post-10935","1":"product","2":"type-product","3":"status-publish","5":"product_cat-maros-megyei-eletrajzi-lexikon","7":"first","8":"instock","9":"shipping-taxable","10":"product-type-simple"},"_links":{"self":[{"href":"https:\/\/uj.adatbank.ro\/lexikon\/wp-json\/wp\/v2\/product\/10935","targetHints":{"allow":["GET"]}}],"collection":[{"href":"https:\/\/uj.adatbank.ro\/lexikon\/wp-json\/wp\/v2\/product"}],"about":[{"href":"https:\/\/uj.adatbank.ro\/lexikon\/wp-json\/wp\/v2\/types\/product"}],"replies":[{"embeddable":true,"href":"https:\/\/uj.adatbank.ro\/lexikon\/wp-json\/wp\/v2\/comments?post=10935"}],"wp:attachment":[{"href":"https:\/\/uj.adatbank.ro\/lexikon\/wp-json\/wp\/v2\/media?parent=10935"}],"wp:term":[{"taxonomy":"product_brand","embeddable":true,"href":"https:\/\/uj.adatbank.ro\/lexikon\/wp-json\/wp\/v2\/product_brand?post=10935"},{"taxonomy":"product_cat","embeddable":true,"href":"https:\/\/uj.adatbank.ro\/lexikon\/wp-json\/wp\/v2\/product_cat?post=10935"},{"taxonomy":"product_tag","embeddable":true,"href":"https:\/\/uj.adatbank.ro\/lexikon\/wp-json\/wp\/v2\/product_tag?post=10935"}],"curies":[{"name":"wp","href":"https:\/\/api.w.org\/{rel}","templated":true}]}}