{"id":10943,"date":"2025-06-29T13:36:45","date_gmt":"2025-06-29T11:36:45","guid":{"rendered":"https:\/\/uj.adatbank.ro\/lexikon\/termek\/jozefovits-ferenc\/"},"modified":"2025-06-29T13:36:45","modified_gmt":"2025-06-29T11:36:45","slug":"jozefovits-ferenc","status":"publish","type":"product","link":"https:\/\/uj.adatbank.ro\/lexikon\/termek\/jozefovits-ferenc\/","title":{"rendered":"JOZEFOVITS Ferenc"},"content":{"rendered":"<p>Borosjen\u0151, 1923. j\u00fal. 19., \u2020 Mv., 1997. j\u00fan. 22.: orvos, t\u00fcd\u0151gy\u00f3gy\u00e1sz. \u2013 K\u00f6z\u00e9piskolai tanulm\u00e1nyait Aradon \u00e9s Temesv\u00e1rt v\u00e9gezte, orvosi oklevel\u00e9t a mv.-i OGYI-n szerezte (1949). A mv.-i T\u00fcd\u0151klinik\u00e1n f\u0151orvos, egyetemi adjunktus; az orvostudom\u00e1nyok doktora (1971). Kutat\u00e1si ter\u00fclete: a tuberkulozis olt\u00e1sos \u00e9s gy\u00f3gyszeres kezel\u00e9se, a t\u00fcd\u0151tuberkulozis korszer\u0171 gy\u00f3gy\u00edt\u00e1sa. Szakdolgozatai: Orvosi Szemle, Ftiziologie, Pediatrie, Journale francais de Medicine et Chirurgie-ben jelentek meg. \u2013 <strong>F. m.:<\/strong> Recidiva tuberculozei dup\u0103 tratament chimic-antibiotic cu implica\u0163iile ei clinico-bacteorologice \u015fi terapeutice: Tez\u0103 de doctorat (Tg. M., 1971); <strong>t\u00e1rssz.:<\/strong> Ftiziol\u00f3giai jegyzet (Mv., 1952, 1977). <br \/><strong>Irod.:<\/strong> Genersich; [Nekrol\u00f3g] (N\u00fa., 1997. j\u00fan. 25.); P\u00e9ter; Kiss\u2013P\u00e9terffy\u2013P\u00e9terffy; Pop Tofolean-F\u00fcl\u00f6p; RMIL; RMKK<\/br><\/p>\n","protected":false},"excerpt":{"rendered":"<p>Borosjen\u0151, 1923. j\u00fal. 19., \u2020 Mv., 1997. j\u00fan. 22.: orvos, t\u00fcd\u0151gy\u00f3gy\u00e1sz. \u2013 K\u00f6z\u00e9piskolai tanulm\u00e1nyait Aradon \u00e9s Temesv\u00e1rt v\u00e9gezte, orvosi oklevel\u00e9t a mv.-i OGYI-n szerezte (1949). A mv.-i T\u00fcd\u0151klinik\u00e1n f\u0151orvos, egyetemi adjunktus; az orvostudom\u00e1nyok doktora (1971). Kutat\u00e1si ter\u00fclete: a tuberkulozis olt\u00e1sos \u00e9s gy\u00f3gyszeres kezel\u00e9se, a t\u00fcd\u0151tuberkulozis korszer\u0171 gy\u00f3gy\u00edt\u00e1sa. Szakdolgozatai: Orvosi Szemle, Ftiziologie, Pediatrie, Journale francais de [&hellip;]<\/p>\n","protected":false},"featured_media":0,"comment_status":"open","ping_status":"closed","template":"","meta":[],"product_brand":[],"product_cat":[137],"product_tag":[],"class_list":{"0":"post-10943","1":"product","2":"type-product","3":"status-publish","5":"product_cat-maros-megyei-eletrajzi-lexikon","7":"first","8":"instock","9":"shipping-taxable","10":"product-type-simple"},"_links":{"self":[{"href":"https:\/\/uj.adatbank.ro\/lexikon\/wp-json\/wp\/v2\/product\/10943","targetHints":{"allow":["GET"]}}],"collection":[{"href":"https:\/\/uj.adatbank.ro\/lexikon\/wp-json\/wp\/v2\/product"}],"about":[{"href":"https:\/\/uj.adatbank.ro\/lexikon\/wp-json\/wp\/v2\/types\/product"}],"replies":[{"embeddable":true,"href":"https:\/\/uj.adatbank.ro\/lexikon\/wp-json\/wp\/v2\/comments?post=10943"}],"wp:attachment":[{"href":"https:\/\/uj.adatbank.ro\/lexikon\/wp-json\/wp\/v2\/media?parent=10943"}],"wp:term":[{"taxonomy":"product_brand","embeddable":true,"href":"https:\/\/uj.adatbank.ro\/lexikon\/wp-json\/wp\/v2\/product_brand?post=10943"},{"taxonomy":"product_cat","embeddable":true,"href":"https:\/\/uj.adatbank.ro\/lexikon\/wp-json\/wp\/v2\/product_cat?post=10943"},{"taxonomy":"product_tag","embeddable":true,"href":"https:\/\/uj.adatbank.ro\/lexikon\/wp-json\/wp\/v2\/product_tag?post=10943"}],"curies":[{"name":"wp","href":"https:\/\/api.w.org\/{rel}","templated":true}]}}