{"id":10944,"date":"2025-06-29T13:36:47","date_gmt":"2025-06-29T11:36:47","guid":{"rendered":"https:\/\/uj.adatbank.ro\/lexikon\/termek\/jozefovits-hermann-%c2%a7\/"},"modified":"2025-06-29T13:36:47","modified_gmt":"2025-06-29T11:36:47","slug":"jozefovits-hermann-%c2%a7","status":"publish","type":"product","link":"https:\/\/uj.adatbank.ro\/lexikon\/termek\/jozefovits-hermann-%c2%a7\/","title":{"rendered":"JOZEFOVITS Hermann, \u00a7"},"content":{"rendered":"<p>keresked\u0151. \u2013 Petel\u00e9n volt keresked\u0151. Az I. vh.-ban (1912\u201318. nov.) az 50. gy. e. -del t\u00f6rzs\u0151rmesterk\u00e9nt az orosz harct\u00e9ren teljestett arcvonalszolg\u00e1latot, megsebes\u00fclt. <strong>Kit\u00fcntet\u00e9sei:<\/strong> Badeni nagy ez\u00fcst \u00e9rem, O1, Ob, K\u00e1roly cs. k. ig. a. \u2013 Irod: M. hadviselt zsid\u00f3k<\/br><\/p>\n","protected":false},"excerpt":{"rendered":"<p>keresked\u0151. \u2013 Petel\u00e9n volt keresked\u0151. Az I. vh.-ban (1912\u201318. nov.) az 50. gy. e. -del t\u00f6rzs\u0151rmesterk\u00e9nt az orosz harct\u00e9ren teljestett arcvonalszolg\u00e1latot, megsebes\u00fclt. Kit\u00fcntet\u00e9sei: Badeni nagy ez\u00fcst \u00e9rem, O1, Ob, K\u00e1roly cs. k. ig. a. \u2013 Irod: M. hadviselt zsid\u00f3k<\/p>\n","protected":false},"featured_media":0,"comment_status":"open","ping_status":"closed","template":"","meta":[],"product_brand":[],"product_cat":[137],"product_tag":[],"class_list":{"0":"post-10944","1":"product","2":"type-product","3":"status-publish","5":"product_cat-maros-megyei-eletrajzi-lexikon","7":"first","8":"instock","9":"shipping-taxable","10":"product-type-simple"},"_links":{"self":[{"href":"https:\/\/uj.adatbank.ro\/lexikon\/wp-json\/wp\/v2\/product\/10944","targetHints":{"allow":["GET"]}}],"collection":[{"href":"https:\/\/uj.adatbank.ro\/lexikon\/wp-json\/wp\/v2\/product"}],"about":[{"href":"https:\/\/uj.adatbank.ro\/lexikon\/wp-json\/wp\/v2\/types\/product"}],"replies":[{"embeddable":true,"href":"https:\/\/uj.adatbank.ro\/lexikon\/wp-json\/wp\/v2\/comments?post=10944"}],"wp:attachment":[{"href":"https:\/\/uj.adatbank.ro\/lexikon\/wp-json\/wp\/v2\/media?parent=10944"}],"wp:term":[{"taxonomy":"product_brand","embeddable":true,"href":"https:\/\/uj.adatbank.ro\/lexikon\/wp-json\/wp\/v2\/product_brand?post=10944"},{"taxonomy":"product_cat","embeddable":true,"href":"https:\/\/uj.adatbank.ro\/lexikon\/wp-json\/wp\/v2\/product_cat?post=10944"},{"taxonomy":"product_tag","embeddable":true,"href":"https:\/\/uj.adatbank.ro\/lexikon\/wp-json\/wp\/v2\/product_tag?post=10944"}],"curies":[{"name":"wp","href":"https:\/\/api.w.org\/{rel}","templated":true}]}}