{"id":10945,"date":"2025-06-29T13:36:48","date_gmt":"2025-06-29T11:36:48","guid":{"rendered":"https:\/\/uj.adatbank.ro\/lexikon\/termek\/jozsa-andras\/"},"modified":"2025-06-29T13:36:48","modified_gmt":"2025-06-29T11:36:48","slug":"jozsa-andras","status":"publish","type":"product","link":"https:\/\/uj.adatbank.ro\/lexikon\/termek\/jozsa-andras\/","title":{"rendered":"J\u00d3ZSA Andr\u00e1s"},"content":{"rendered":"<p>\u2020 Szov\u00e1ta, 2015. j\u00fal. 1.: helyt\u00f6rt\u00e9n\u00e9sz, idegenvezet\u0151. \u2013 T\u00f6rt\u00e9n\u00e9szi \u00e9s helyt\u00f6rt\u00e9neti alpismereteit felhaszn\u00e1lta a turist\u00e1k kalauz\u00e1l\u00e1s\u00e1ban Szov\u00e1t\u00e1n \u00e9s k\u00f6rny\u00e9k\u00e9n, s\u0151t az eg\u00e9sz Sz\u00e9kelyf\u00f6ld\u00f6n. <strong>F. m.:<\/strong> A s\u00f3vid\u00e1ki l\u00e1zad\u00e1s 1919 tavasz\u00e1n = Maros megyei m. 2..; Az \u0151smagyar vall\u00e1s eml\u00e9kei a sz\u00e9kelyf\u00f6ld\u00f6n. Mv. -Szov\u00e1ta, 2011. <br \/><strong>Irod.:<\/strong> Maros megyei m. 3;. Nemes Gy.<\/br><\/p>\n","protected":false},"excerpt":{"rendered":"<p>\u2020 Szov\u00e1ta, 2015. j\u00fal. 1.: helyt\u00f6rt\u00e9n\u00e9sz, idegenvezet\u0151. \u2013 T\u00f6rt\u00e9n\u00e9szi \u00e9s helyt\u00f6rt\u00e9neti alpismereteit felhaszn\u00e1lta a turist\u00e1k kalauz\u00e1l\u00e1s\u00e1ban Szov\u00e1t\u00e1n \u00e9s k\u00f6rny\u00e9k\u00e9n, s\u0151t az eg\u00e9sz Sz\u00e9kelyf\u00f6ld\u00f6n. F. m.: A s\u00f3vid\u00e1ki l\u00e1zad\u00e1s 1919 tavasz\u00e1n = Maros megyei m. 2..; Az \u0151smagyar vall\u00e1s eml\u00e9kei a sz\u00e9kelyf\u00f6ld\u00f6n. Mv. -Szov\u00e1ta, 2011. Irod.: Maros megyei m. 3;. Nemes Gy.<\/p>\n","protected":false},"featured_media":0,"comment_status":"open","ping_status":"closed","template":"","meta":[],"product_brand":[],"product_cat":[137],"product_tag":[],"class_list":{"0":"post-10945","1":"product","2":"type-product","3":"status-publish","5":"product_cat-maros-megyei-eletrajzi-lexikon","7":"first","8":"instock","9":"shipping-taxable","10":"product-type-simple"},"_links":{"self":[{"href":"https:\/\/uj.adatbank.ro\/lexikon\/wp-json\/wp\/v2\/product\/10945","targetHints":{"allow":["GET"]}}],"collection":[{"href":"https:\/\/uj.adatbank.ro\/lexikon\/wp-json\/wp\/v2\/product"}],"about":[{"href":"https:\/\/uj.adatbank.ro\/lexikon\/wp-json\/wp\/v2\/types\/product"}],"replies":[{"embeddable":true,"href":"https:\/\/uj.adatbank.ro\/lexikon\/wp-json\/wp\/v2\/comments?post=10945"}],"wp:attachment":[{"href":"https:\/\/uj.adatbank.ro\/lexikon\/wp-json\/wp\/v2\/media?parent=10945"}],"wp:term":[{"taxonomy":"product_brand","embeddable":true,"href":"https:\/\/uj.adatbank.ro\/lexikon\/wp-json\/wp\/v2\/product_brand?post=10945"},{"taxonomy":"product_cat","embeddable":true,"href":"https:\/\/uj.adatbank.ro\/lexikon\/wp-json\/wp\/v2\/product_cat?post=10945"},{"taxonomy":"product_tag","embeddable":true,"href":"https:\/\/uj.adatbank.ro\/lexikon\/wp-json\/wp\/v2\/product_tag?post=10945"}],"curies":[{"name":"wp","href":"https:\/\/api.w.org\/{rel}","templated":true}]}}