{"id":10947,"date":"2025-06-29T13:36:54","date_gmt":"2025-06-29T11:36:54","guid":{"rendered":"https:\/\/uj.adatbank.ro\/lexikon\/termek\/jozsa-erno-bodosi\/"},"modified":"2025-06-29T13:36:54","modified_gmt":"2025-06-29T11:36:54","slug":"jozsa-erno-bodosi","status":"publish","type":"product","link":"https:\/\/uj.adatbank.ro\/lexikon\/termek\/jozsa-erno-bodosi\/","title":{"rendered":"J\u00d3ZSA Ern\u0151, bodosi"},"content":{"rendered":"<p>Ny\u00e1r\u00e1dszentbenedek, 1841., \u2020? : orvos. \u2013 Apja gazd\u00e1lkod\u00f3 Feh\u00e9regyh\u00e1z\u00e1n. Tanult a B\u00e9csi Egy. Orvosi Kar\u00e1n (1864\u201369). Kraszna- vm.-i alorvos (1872\u201376), Szil\u00e1gy \u2013vm.-i j\u00e1r\u00e1si orvos (1876\u2013). <br \/><strong>Irod.:<\/strong> Szab\u00f3\u2013Simon\u2013Sz\u00f6gi<\/br><\/p>\n","protected":false},"excerpt":{"rendered":"<p>Ny\u00e1r\u00e1dszentbenedek, 1841., \u2020? : orvos. \u2013 Apja gazd\u00e1lkod\u00f3 Feh\u00e9regyh\u00e1z\u00e1n. Tanult a B\u00e9csi Egy. Orvosi Kar\u00e1n (1864\u201369). Kraszna- vm.-i alorvos (1872\u201376), Szil\u00e1gy \u2013vm.-i j\u00e1r\u00e1si orvos (1876\u2013). Irod.: Szab\u00f3\u2013Simon\u2013Sz\u00f6gi<\/p>\n","protected":false},"featured_media":0,"comment_status":"open","ping_status":"closed","template":"","meta":[],"product_brand":[],"product_cat":[137],"product_tag":[],"class_list":{"0":"post-10947","1":"product","2":"type-product","3":"status-publish","5":"product_cat-maros-megyei-eletrajzi-lexikon","7":"first","8":"instock","9":"shipping-taxable","10":"product-type-simple"},"_links":{"self":[{"href":"https:\/\/uj.adatbank.ro\/lexikon\/wp-json\/wp\/v2\/product\/10947","targetHints":{"allow":["GET"]}}],"collection":[{"href":"https:\/\/uj.adatbank.ro\/lexikon\/wp-json\/wp\/v2\/product"}],"about":[{"href":"https:\/\/uj.adatbank.ro\/lexikon\/wp-json\/wp\/v2\/types\/product"}],"replies":[{"embeddable":true,"href":"https:\/\/uj.adatbank.ro\/lexikon\/wp-json\/wp\/v2\/comments?post=10947"}],"wp:attachment":[{"href":"https:\/\/uj.adatbank.ro\/lexikon\/wp-json\/wp\/v2\/media?parent=10947"}],"wp:term":[{"taxonomy":"product_brand","embeddable":true,"href":"https:\/\/uj.adatbank.ro\/lexikon\/wp-json\/wp\/v2\/product_brand?post=10947"},{"taxonomy":"product_cat","embeddable":true,"href":"https:\/\/uj.adatbank.ro\/lexikon\/wp-json\/wp\/v2\/product_cat?post=10947"},{"taxonomy":"product_tag","embeddable":true,"href":"https:\/\/uj.adatbank.ro\/lexikon\/wp-json\/wp\/v2\/product_tag?post=10947"}],"curies":[{"name":"wp","href":"https:\/\/api.w.org\/{rel}","templated":true}]}}