{"id":10951,"date":"2025-06-29T13:37:02","date_gmt":"2025-06-29T11:37:02","guid":{"rendered":"https:\/\/uj.adatbank.ro\/lexikon\/termek\/jozsa-istvan-2\/"},"modified":"2025-06-29T13:37:02","modified_gmt":"2025-06-29T11:37:02","slug":"jozsa-istvan-2","status":"publish","type":"product","link":"https:\/\/uj.adatbank.ro\/lexikon\/termek\/jozsa-istvan-2\/","title":{"rendered":"J\u00d3ZSA Istv\u00e1n"},"content":{"rendered":"<p>Sept\u00e9r, 1878., \u2020\u00a0? : kisbirtokos. \u2013 Mv.-en v\u00e9gezte a r. k. F\u0151gimn. 4 oszt\u00e1ly\u00e1t. Majd gazd\u00e1lkodott sz\u00fcl\u0151faluj\u00e1ban. A 62. gy. ezredhez vonult be Mv.-en (1910), ahol 3 \u00e9vig szolg\u00e1lt. Az els\u0151 vh.-ban az orosz fronton harcolt, fogs\u00e1gba esett, mint \u0151rmester szerelt le (1918), az I. o. ez\u00fcst\u00e9rem, a bronz v. \u00e9. \u00e9s a K\u00e1roly cs. k. kit\u00fcntet\u00e9ssel: <br \/><strong>Irod.:<\/strong> Berekm\u00e9ri\u2013Nemes; Sz\u00e9kelyf\u00f6ld \u00ed. k.<\/br><\/p>\n","protected":false},"excerpt":{"rendered":"<p>Sept\u00e9r, 1878., \u2020\u00a0? : kisbirtokos. \u2013 Mv.-en v\u00e9gezte a r. k. F\u0151gimn. 4 oszt\u00e1ly\u00e1t. Majd gazd\u00e1lkodott sz\u00fcl\u0151faluj\u00e1ban. A 62. gy. ezredhez vonult be Mv.-en (1910), ahol 3 \u00e9vig szolg\u00e1lt. Az els\u0151 vh.-ban az orosz fronton harcolt, fogs\u00e1gba esett, mint \u0151rmester szerelt le (1918), az I. o. ez\u00fcst\u00e9rem, a bronz v. \u00e9. \u00e9s a K\u00e1roly cs. [&hellip;]<\/p>\n","protected":false},"featured_media":0,"comment_status":"open","ping_status":"closed","template":"","meta":[],"product_brand":[],"product_cat":[137],"product_tag":[],"class_list":{"0":"post-10951","1":"product","2":"type-product","3":"status-publish","5":"product_cat-maros-megyei-eletrajzi-lexikon","7":"first","8":"instock","9":"shipping-taxable","10":"product-type-simple"},"_links":{"self":[{"href":"https:\/\/uj.adatbank.ro\/lexikon\/wp-json\/wp\/v2\/product\/10951","targetHints":{"allow":["GET"]}}],"collection":[{"href":"https:\/\/uj.adatbank.ro\/lexikon\/wp-json\/wp\/v2\/product"}],"about":[{"href":"https:\/\/uj.adatbank.ro\/lexikon\/wp-json\/wp\/v2\/types\/product"}],"replies":[{"embeddable":true,"href":"https:\/\/uj.adatbank.ro\/lexikon\/wp-json\/wp\/v2\/comments?post=10951"}],"wp:attachment":[{"href":"https:\/\/uj.adatbank.ro\/lexikon\/wp-json\/wp\/v2\/media?parent=10951"}],"wp:term":[{"taxonomy":"product_brand","embeddable":true,"href":"https:\/\/uj.adatbank.ro\/lexikon\/wp-json\/wp\/v2\/product_brand?post=10951"},{"taxonomy":"product_cat","embeddable":true,"href":"https:\/\/uj.adatbank.ro\/lexikon\/wp-json\/wp\/v2\/product_cat?post=10951"},{"taxonomy":"product_tag","embeddable":true,"href":"https:\/\/uj.adatbank.ro\/lexikon\/wp-json\/wp\/v2\/product_tag?post=10951"}],"curies":[{"name":"wp","href":"https:\/\/api.w.org\/{rel}","templated":true}]}}