{"id":10952,"date":"2025-06-29T13:37:04","date_gmt":"2025-06-29T11:37:04","guid":{"rendered":"https:\/\/uj.adatbank.ro\/lexikon\/termek\/jozsa-istvan-agyagfalvi\/"},"modified":"2025-06-29T13:37:04","modified_gmt":"2025-06-29T11:37:04","slug":"jozsa-istvan-agyagfalvi","status":"publish","type":"product","link":"https:\/\/uj.adatbank.ro\/lexikon\/termek\/jozsa-istvan-agyagfalvi\/","title":{"rendered":"J\u00d3ZSA Istv\u00e1n, agyagfalvi"},"content":{"rendered":"<p>Mez\u0151\u00fajlak, 1889., \u2020\u00a0? : kov\u00e1csmester. \u2013 Beszterc\u00e9n tanulta a kov\u00e1csmesters\u00e9get, t\u00f6bbhelyen dolgozott mint seg\u00e9d, majd g\u00e9p\u00e9szvizsg\u00e1t is tett, ezut\u00e1n Meggyesfalv\u00e1ra ker\u00fclt. Az els\u0151 vh.-ban az orosz fronton harcolt, mindk\u00e9t l\u00e1b\u00e1ra megsebes\u00fclt. Kit\u00fcntett\u00e9k a bronz v. \u00e9.;  \u2013 O1, OB, Kcsk. <br \/><strong>Irod.:<\/strong> Berekm\u00e9ri\u2013Nemes; Sz\u00e9kelyf\u00f6ld \u00ed. k.<\/br><\/p>\n","protected":false},"excerpt":{"rendered":"<p>Mez\u0151\u00fajlak, 1889., \u2020\u00a0? : kov\u00e1csmester. \u2013 Beszterc\u00e9n tanulta a kov\u00e1csmesters\u00e9get, t\u00f6bbhelyen dolgozott mint seg\u00e9d, majd g\u00e9p\u00e9szvizsg\u00e1t is tett, ezut\u00e1n Meggyesfalv\u00e1ra ker\u00fclt. Az els\u0151 vh.-ban az orosz fronton harcolt, mindk\u00e9t l\u00e1b\u00e1ra megsebes\u00fclt. Kit\u00fcntett\u00e9k a bronz v. \u00e9.; \u2013 O1, OB, Kcsk. Irod.: Berekm\u00e9ri\u2013Nemes; Sz\u00e9kelyf\u00f6ld \u00ed. k.<\/p>\n","protected":false},"featured_media":0,"comment_status":"open","ping_status":"closed","template":"","meta":[],"product_brand":[],"product_cat":[137],"product_tag":[],"class_list":{"0":"post-10952","1":"product","2":"type-product","3":"status-publish","5":"product_cat-maros-megyei-eletrajzi-lexikon","7":"first","8":"instock","9":"shipping-taxable","10":"product-type-simple"},"_links":{"self":[{"href":"https:\/\/uj.adatbank.ro\/lexikon\/wp-json\/wp\/v2\/product\/10952","targetHints":{"allow":["GET"]}}],"collection":[{"href":"https:\/\/uj.adatbank.ro\/lexikon\/wp-json\/wp\/v2\/product"}],"about":[{"href":"https:\/\/uj.adatbank.ro\/lexikon\/wp-json\/wp\/v2\/types\/product"}],"replies":[{"embeddable":true,"href":"https:\/\/uj.adatbank.ro\/lexikon\/wp-json\/wp\/v2\/comments?post=10952"}],"wp:attachment":[{"href":"https:\/\/uj.adatbank.ro\/lexikon\/wp-json\/wp\/v2\/media?parent=10952"}],"wp:term":[{"taxonomy":"product_brand","embeddable":true,"href":"https:\/\/uj.adatbank.ro\/lexikon\/wp-json\/wp\/v2\/product_brand?post=10952"},{"taxonomy":"product_cat","embeddable":true,"href":"https:\/\/uj.adatbank.ro\/lexikon\/wp-json\/wp\/v2\/product_cat?post=10952"},{"taxonomy":"product_tag","embeddable":true,"href":"https:\/\/uj.adatbank.ro\/lexikon\/wp-json\/wp\/v2\/product_tag?post=10952"}],"curies":[{"name":"wp","href":"https:\/\/api.w.org\/{rel}","templated":true}]}}