{"id":10953,"date":"2025-06-29T13:37:06","date_gmt":"2025-06-29T11:37:06","guid":{"rendered":"https:\/\/uj.adatbank.ro\/lexikon\/termek\/jozsa-janos\/"},"modified":"2025-06-29T13:37:06","modified_gmt":"2025-06-29T11:37:06","slug":"jozsa-janos","status":"publish","type":"product","link":"https:\/\/uj.adatbank.ro\/lexikon\/termek\/jozsa-janos\/","title":{"rendered":"J\u00d3ZSA J\u00e1nos"},"content":{"rendered":"<p>Kadicsfalva, 1780. jan. 12., \u2020\u00a01847. j\u00fal. 4.: r. k. pap. \u2013 B\u00e9csben a P\u00e1zmaneumban tanult. Papp\u00e1 szentelt\u00e9k (1803. szept. 2.). Mv.-en szolg\u00e1lt k\u00e1pl\u00e1nk\u00e9nt (1803\u201306). Szentsz\u00e9ki \u00fcln\u00f6k Szenth\u00e1roms\u00e1gon (1806), Borb\u00e1ndon (1810). Pl\u00e9b\u00e1nos \u00e9s ker\u00fcleti jegyz\u0151 Sz\u00e9kelyhodoson (1815\u201341), Mikh\u00e1z\u00e1n (1841), Sz\u00e9kelyhodoson nyugd\u00edjas (1846\u2013). <br \/><strong>Irod.:<\/strong> Ferenczi S\u00e1ndor 2009; P\u00e1l-Antal 2009<\/br><\/p>\n","protected":false},"excerpt":{"rendered":"<p>Kadicsfalva, 1780. jan. 12., \u2020\u00a01847. j\u00fal. 4.: r. k. pap. \u2013 B\u00e9csben a P\u00e1zmaneumban tanult. Papp\u00e1 szentelt\u00e9k (1803. szept. 2.). Mv.-en szolg\u00e1lt k\u00e1pl\u00e1nk\u00e9nt (1803\u201306). Szentsz\u00e9ki \u00fcln\u00f6k Szenth\u00e1roms\u00e1gon (1806), Borb\u00e1ndon (1810). Pl\u00e9b\u00e1nos \u00e9s ker\u00fcleti jegyz\u0151 Sz\u00e9kelyhodoson (1815\u201341), Mikh\u00e1z\u00e1n (1841), Sz\u00e9kelyhodoson nyugd\u00edjas (1846\u2013). Irod.: Ferenczi S\u00e1ndor 2009; P\u00e1l-Antal 2009<\/p>\n","protected":false},"featured_media":0,"comment_status":"open","ping_status":"closed","template":"","meta":[],"product_brand":[],"product_cat":[137],"product_tag":[],"class_list":{"0":"post-10953","1":"product","2":"type-product","3":"status-publish","5":"product_cat-maros-megyei-eletrajzi-lexikon","7":"first","8":"instock","9":"shipping-taxable","10":"product-type-simple"},"_links":{"self":[{"href":"https:\/\/uj.adatbank.ro\/lexikon\/wp-json\/wp\/v2\/product\/10953","targetHints":{"allow":["GET"]}}],"collection":[{"href":"https:\/\/uj.adatbank.ro\/lexikon\/wp-json\/wp\/v2\/product"}],"about":[{"href":"https:\/\/uj.adatbank.ro\/lexikon\/wp-json\/wp\/v2\/types\/product"}],"replies":[{"embeddable":true,"href":"https:\/\/uj.adatbank.ro\/lexikon\/wp-json\/wp\/v2\/comments?post=10953"}],"wp:attachment":[{"href":"https:\/\/uj.adatbank.ro\/lexikon\/wp-json\/wp\/v2\/media?parent=10953"}],"wp:term":[{"taxonomy":"product_brand","embeddable":true,"href":"https:\/\/uj.adatbank.ro\/lexikon\/wp-json\/wp\/v2\/product_brand?post=10953"},{"taxonomy":"product_cat","embeddable":true,"href":"https:\/\/uj.adatbank.ro\/lexikon\/wp-json\/wp\/v2\/product_cat?post=10953"},{"taxonomy":"product_tag","embeddable":true,"href":"https:\/\/uj.adatbank.ro\/lexikon\/wp-json\/wp\/v2\/product_tag?post=10953"}],"curies":[{"name":"wp","href":"https:\/\/api.w.org\/{rel}","templated":true}]}}