{"id":10954,"date":"2025-06-29T13:37:08","date_gmt":"2025-06-29T11:37:08","guid":{"rendered":"https:\/\/uj.adatbank.ro\/lexikon\/termek\/jozsa-jozsef\/"},"modified":"2025-06-29T13:37:08","modified_gmt":"2025-06-29T11:37:08","slug":"jozsa-jozsef","status":"publish","type":"product","link":"https:\/\/uj.adatbank.ro\/lexikon\/termek\/jozsa-jozsef\/","title":{"rendered":"J\u00d3ZSA J\u00f3zsef"},"content":{"rendered":"<p>? \u2020\u00a0?: honv\u00e9d. \u2013 Feles\u00e9ge: Elekes M\u00e1ria (1821\u20131849). \u2013 Gazdag birtokos. K\u0151h\u00e1za volt Nagyerny\u00e9ben (1860), mint egyed\u00fclinek a B\u00e1lintitt csal\u00e1don k\u00edv\u00fcl. \u00d6nk\u00e9ntes honv\u00e9d (1848). <br \/><strong>Irod.:<\/strong> Nemes Gyula: Szakr\u00e1lis eml\u00e9kek.  =  P\u00e1l-Antal \u2013 Simon<\/br><\/p>\n","protected":false},"excerpt":{"rendered":"<p>? \u2020\u00a0?: honv\u00e9d. \u2013 Feles\u00e9ge: Elekes M\u00e1ria (1821\u20131849). \u2013 Gazdag birtokos. K\u0151h\u00e1za volt Nagyerny\u00e9ben (1860), mint egyed\u00fclinek a B\u00e1lintitt csal\u00e1don k\u00edv\u00fcl. \u00d6nk\u00e9ntes honv\u00e9d (1848). Irod.: Nemes Gyula: Szakr\u00e1lis eml\u00e9kek. = P\u00e1l-Antal \u2013 Simon<\/p>\n","protected":false},"featured_media":0,"comment_status":"open","ping_status":"closed","template":"","meta":[],"product_brand":[],"product_cat":[137],"product_tag":[],"class_list":{"0":"post-10954","1":"product","2":"type-product","3":"status-publish","5":"product_cat-maros-megyei-eletrajzi-lexikon","7":"first","8":"instock","9":"shipping-taxable","10":"product-type-simple"},"_links":{"self":[{"href":"https:\/\/uj.adatbank.ro\/lexikon\/wp-json\/wp\/v2\/product\/10954","targetHints":{"allow":["GET"]}}],"collection":[{"href":"https:\/\/uj.adatbank.ro\/lexikon\/wp-json\/wp\/v2\/product"}],"about":[{"href":"https:\/\/uj.adatbank.ro\/lexikon\/wp-json\/wp\/v2\/types\/product"}],"replies":[{"embeddable":true,"href":"https:\/\/uj.adatbank.ro\/lexikon\/wp-json\/wp\/v2\/comments?post=10954"}],"wp:attachment":[{"href":"https:\/\/uj.adatbank.ro\/lexikon\/wp-json\/wp\/v2\/media?parent=10954"}],"wp:term":[{"taxonomy":"product_brand","embeddable":true,"href":"https:\/\/uj.adatbank.ro\/lexikon\/wp-json\/wp\/v2\/product_brand?post=10954"},{"taxonomy":"product_cat","embeddable":true,"href":"https:\/\/uj.adatbank.ro\/lexikon\/wp-json\/wp\/v2\/product_cat?post=10954"},{"taxonomy":"product_tag","embeddable":true,"href":"https:\/\/uj.adatbank.ro\/lexikon\/wp-json\/wp\/v2\/product_tag?post=10954"}],"curies":[{"name":"wp","href":"https:\/\/api.w.org\/{rel}","templated":true}]}}