{"id":10956,"date":"2025-06-29T13:37:11","date_gmt":"2025-06-29T11:37:11","guid":{"rendered":"https:\/\/uj.adatbank.ro\/lexikon\/termek\/jozsa-pal\/"},"modified":"2025-06-29T13:37:11","modified_gmt":"2025-06-29T11:37:11","slug":"jozsa-pal","status":"publish","type":"product","link":"https:\/\/uj.adatbank.ro\/lexikon\/termek\/jozsa-pal\/","title":{"rendered":"J\u00d3ZSA P\u00e1l"},"content":{"rendered":"<p>K\u00fck\u00fcll\u0151v\u00e1r, 1893, \u2020\u00a0?: jegyz\u0151. \u2013 Tanulm\u00e1nyait Mv.-en v\u00e9gezte, u. o. hallgatta a jegyz\u0151i tanfolyamot. K\u00f6rjegyz\u0151k\u00e9nt m\u0171k\u00f6d\u00f6tt (1918\u2013) Sim\u00e9nfalv\u00e1n, majd t\u00f6bb k\u00f6zs\u00e9gben a Sz\u00e9kelyf\u00f6ld\u00f6n majd Sz\u00e9kelyk\u00e1lra ker\u00fclt (1940\u2013). Az I. vh.-ban (1914\u201319) az 51. gy. e.-ben az orosz fronton harcolt, mint f\u0151hadnagy szerelt le, a Sig. Laud, az I. o. ez\u00fcst, a bronz v. \u00e9rem \u00e9s a K\u00e1roly Csapatkereszt kit\u00fcntet\u00e9ssekkel. <br \/><strong>Irod.:<\/strong> Erd\u00e9lyi ezredek; Sz\u00e9kelyf\u00f6ld \u00ed. k.<\/br><\/p>\n","protected":false},"excerpt":{"rendered":"<p>K\u00fck\u00fcll\u0151v\u00e1r, 1893, \u2020\u00a0?: jegyz\u0151. \u2013 Tanulm\u00e1nyait Mv.-en v\u00e9gezte, u. o. hallgatta a jegyz\u0151i tanfolyamot. K\u00f6rjegyz\u0151k\u00e9nt m\u0171k\u00f6d\u00f6tt (1918\u2013) Sim\u00e9nfalv\u00e1n, majd t\u00f6bb k\u00f6zs\u00e9gben a Sz\u00e9kelyf\u00f6ld\u00f6n majd Sz\u00e9kelyk\u00e1lra ker\u00fclt (1940\u2013). Az I. vh.-ban (1914\u201319) az 51. gy. e.-ben az orosz fronton harcolt, mint f\u0151hadnagy szerelt le, a Sig. Laud, az I. o. ez\u00fcst, a bronz v. \u00e9rem \u00e9s [&hellip;]<\/p>\n","protected":false},"featured_media":0,"comment_status":"open","ping_status":"closed","template":"","meta":[],"product_brand":[],"product_cat":[137],"product_tag":[],"class_list":{"0":"post-10956","1":"product","2":"type-product","3":"status-publish","5":"product_cat-maros-megyei-eletrajzi-lexikon","7":"first","8":"instock","9":"shipping-taxable","10":"product-type-simple"},"_links":{"self":[{"href":"https:\/\/uj.adatbank.ro\/lexikon\/wp-json\/wp\/v2\/product\/10956","targetHints":{"allow":["GET"]}}],"collection":[{"href":"https:\/\/uj.adatbank.ro\/lexikon\/wp-json\/wp\/v2\/product"}],"about":[{"href":"https:\/\/uj.adatbank.ro\/lexikon\/wp-json\/wp\/v2\/types\/product"}],"replies":[{"embeddable":true,"href":"https:\/\/uj.adatbank.ro\/lexikon\/wp-json\/wp\/v2\/comments?post=10956"}],"wp:attachment":[{"href":"https:\/\/uj.adatbank.ro\/lexikon\/wp-json\/wp\/v2\/media?parent=10956"}],"wp:term":[{"taxonomy":"product_brand","embeddable":true,"href":"https:\/\/uj.adatbank.ro\/lexikon\/wp-json\/wp\/v2\/product_brand?post=10956"},{"taxonomy":"product_cat","embeddable":true,"href":"https:\/\/uj.adatbank.ro\/lexikon\/wp-json\/wp\/v2\/product_cat?post=10956"},{"taxonomy":"product_tag","embeddable":true,"href":"https:\/\/uj.adatbank.ro\/lexikon\/wp-json\/wp\/v2\/product_tag?post=10956"}],"curies":[{"name":"wp","href":"https:\/\/api.w.org\/{rel}","templated":true}]}}