{"id":10958,"date":"2025-06-29T13:37:14","date_gmt":"2025-06-29T11:37:14","guid":{"rendered":"https:\/\/uj.adatbank.ro\/lexikon\/termek\/jozsa-tibor\/"},"modified":"2025-06-29T13:37:14","modified_gmt":"2025-06-29T11:37:14","slug":"jozsa-tibor","status":"publish","type":"product","link":"https:\/\/uj.adatbank.ro\/lexikon\/termek\/jozsa-tibor\/","title":{"rendered":"J\u00d3ZSA Tibor"},"content":{"rendered":"<p>1943., \u2020 Mv., 2007. m\u00e1j. 11.: technikus, v\u00edzipol\u00f3s. \u2013 A mv.-i az IRUMCO h\u0171t\u0151technikusa, vizipol\u00f3s. <br \/><strong>Irod.:<\/strong> [Nekrol\u00f3g] (N\u00fa., 2007. m\u00e1j. 12.)<\/br><\/p>\n","protected":false},"excerpt":{"rendered":"<p>1943., \u2020 Mv., 2007. m\u00e1j. 11.: technikus, v\u00edzipol\u00f3s. \u2013 A mv.-i az IRUMCO h\u0171t\u0151technikusa, vizipol\u00f3s. Irod.: [Nekrol\u00f3g] (N\u00fa., 2007. m\u00e1j. 12.)<\/p>\n","protected":false},"featured_media":0,"comment_status":"open","ping_status":"closed","template":"","meta":[],"product_brand":[],"product_cat":[137],"product_tag":[],"class_list":{"0":"post-10958","1":"product","2":"type-product","3":"status-publish","5":"product_cat-maros-megyei-eletrajzi-lexikon","7":"first","8":"instock","9":"shipping-taxable","10":"product-type-simple"},"_links":{"self":[{"href":"https:\/\/uj.adatbank.ro\/lexikon\/wp-json\/wp\/v2\/product\/10958","targetHints":{"allow":["GET"]}}],"collection":[{"href":"https:\/\/uj.adatbank.ro\/lexikon\/wp-json\/wp\/v2\/product"}],"about":[{"href":"https:\/\/uj.adatbank.ro\/lexikon\/wp-json\/wp\/v2\/types\/product"}],"replies":[{"embeddable":true,"href":"https:\/\/uj.adatbank.ro\/lexikon\/wp-json\/wp\/v2\/comments?post=10958"}],"wp:attachment":[{"href":"https:\/\/uj.adatbank.ro\/lexikon\/wp-json\/wp\/v2\/media?parent=10958"}],"wp:term":[{"taxonomy":"product_brand","embeddable":true,"href":"https:\/\/uj.adatbank.ro\/lexikon\/wp-json\/wp\/v2\/product_brand?post=10958"},{"taxonomy":"product_cat","embeddable":true,"href":"https:\/\/uj.adatbank.ro\/lexikon\/wp-json\/wp\/v2\/product_cat?post=10958"},{"taxonomy":"product_tag","embeddable":true,"href":"https:\/\/uj.adatbank.ro\/lexikon\/wp-json\/wp\/v2\/product_tag?post=10958"}],"curies":[{"name":"wp","href":"https:\/\/api.w.org\/{rel}","templated":true}]}}