{"id":10964,"date":"2025-06-29T13:37:27","date_gmt":"2025-06-29T11:37:27","guid":{"rendered":"https:\/\/uj.adatbank.ro\/lexikon\/termek\/jozsef-karoly-lajos-joseph-franz\/"},"modified":"2025-06-29T13:37:27","modified_gmt":"2025-06-29T11:37:27","slug":"jozsef-karoly-lajos-joseph-franz","status":"publish","type":"product","link":"https:\/\/uj.adatbank.ro\/lexikon\/termek\/jozsef-karoly-lajos-joseph-franz\/","title":{"rendered":"J\u00d3ZSEF K\u00e1roly Lajos, Joseph Franz"},"content":{"rendered":"<p>1833. m\u00e1rc. 2. \u2020 Fiume, 1905. j\u00fan. 13.: kir. f\u0151herceg. \u2013 J\u00f3zsef n\u00e1dor \u00e9s M\u00e1ria Dorottya w\u00fcrtenbergi hercegn\u0151 fia. \u2013 A honv\u00e9ds\u00e9gi f\u0151parancsnok (1869\u2013), lovass\u00e1gi t\u00e1bornok. Nyelvtud\u00f3sk\u00e9nt sokat foglalkozott a cig\u00e1ny nyelvvel \u00e9s nyelvk\u00f6nyvet adott ki a MTA. -: <strong>F. m.:<\/strong> Romane Sziklaribe Csib\u00e1k\u00e9ro c ; Czig\u00e1ny nyelvtan (1888), A czig\u00e1nyokr\u00f3l (1894). <br \/><strong>Irod.:<\/strong> \u00d6kr\u00f6s; Szentgy\u00f6rgyi mi\u00e9rt is kell nek\u00fcnk????<\/br><\/p>\n","protected":false},"excerpt":{"rendered":"<p>1833. m\u00e1rc. 2. \u2020 Fiume, 1905. j\u00fan. 13.: kir. f\u0151herceg. \u2013 J\u00f3zsef n\u00e1dor \u00e9s M\u00e1ria Dorottya w\u00fcrtenbergi hercegn\u0151 fia. \u2013 A honv\u00e9ds\u00e9gi f\u0151parancsnok (1869\u2013), lovass\u00e1gi t\u00e1bornok. Nyelvtud\u00f3sk\u00e9nt sokat foglalkozott a cig\u00e1ny nyelvvel \u00e9s nyelvk\u00f6nyvet adott ki a MTA. -: F. m.: Romane Sziklaribe Csib\u00e1k\u00e9ro c ; Czig\u00e1ny nyelvtan (1888), A czig\u00e1nyokr\u00f3l (1894). Irod.: \u00d6kr\u00f6s; Szentgy\u00f6rgyi [&hellip;]<\/p>\n","protected":false},"featured_media":0,"comment_status":"open","ping_status":"closed","template":"","meta":[],"product_brand":[],"product_cat":[137],"product_tag":[],"class_list":{"0":"post-10964","1":"product","2":"type-product","3":"status-publish","5":"product_cat-maros-megyei-eletrajzi-lexikon","7":"first","8":"instock","9":"shipping-taxable","10":"product-type-simple"},"_links":{"self":[{"href":"https:\/\/uj.adatbank.ro\/lexikon\/wp-json\/wp\/v2\/product\/10964","targetHints":{"allow":["GET"]}}],"collection":[{"href":"https:\/\/uj.adatbank.ro\/lexikon\/wp-json\/wp\/v2\/product"}],"about":[{"href":"https:\/\/uj.adatbank.ro\/lexikon\/wp-json\/wp\/v2\/types\/product"}],"replies":[{"embeddable":true,"href":"https:\/\/uj.adatbank.ro\/lexikon\/wp-json\/wp\/v2\/comments?post=10964"}],"wp:attachment":[{"href":"https:\/\/uj.adatbank.ro\/lexikon\/wp-json\/wp\/v2\/media?parent=10964"}],"wp:term":[{"taxonomy":"product_brand","embeddable":true,"href":"https:\/\/uj.adatbank.ro\/lexikon\/wp-json\/wp\/v2\/product_brand?post=10964"},{"taxonomy":"product_cat","embeddable":true,"href":"https:\/\/uj.adatbank.ro\/lexikon\/wp-json\/wp\/v2\/product_cat?post=10964"},{"taxonomy":"product_tag","embeddable":true,"href":"https:\/\/uj.adatbank.ro\/lexikon\/wp-json\/wp\/v2\/product_tag?post=10964"}],"curies":[{"name":"wp","href":"https:\/\/api.w.org\/{rel}","templated":true}]}}