{"id":10965,"date":"2025-06-29T13:37:29","date_gmt":"2025-06-29T11:37:29","guid":{"rendered":"https:\/\/uj.adatbank.ro\/lexikon\/termek\/jozsi-dezso\/"},"modified":"2025-06-29T13:37:29","modified_gmt":"2025-06-29T11:37:29","slug":"jozsi-dezso","status":"publish","type":"product","link":"https:\/\/uj.adatbank.ro\/lexikon\/termek\/jozsi-dezso\/","title":{"rendered":"J\u00d3ZSI Dezs\u0151"},"content":{"rendered":"<p>1924. j\u00fan. 9., \u2020 : labdar\u00fag\u00f3. \u2013 Gyermekkor\u00e1t\u00f3l j\u00e1tszott a Monopol \u00e9s a Dermagant egy\u00fcttes t\u00f6rpe csapat\u00e1ban. Feln\u00f6tt csapatban Mv.-en a C majd B d\u00edvizi\u00f3s egy\u00fcttesekben (1945\u2013), majd a brass\u00f3i Metromn\u00e1l. Visszat\u00e9rt Mv. -re a Lokomot\u00edv sz\u00edneiben j\u00e1tszott A-d\u00edvizi\u00f3s m\u00e9rk\u00f6z\u00e9seken (1951\u201363). Visszavonult, de edzette a mv.-i Lemnul (1963\u201367), a ny\u00e1r\u00e1dszeredai Voin\u0163a csapat\u00e1t (1967\u201373). A mv.-i Comer\u0163ul leigazolt j\u00e1t\u00e9kosa (1970\u2013), edz\u0151 a cukorgy\u00e1r egy\u00fcttes\u00e9n\u00e9l visszavonul\u00e1s\u00e1ig (1979). <br \/><strong>Irod.:<\/strong> : (C. A.): 35 \u00e9ve labdar\u00fag\u00f3 (V. Z., 1971. aug. 14.); Gh. Botezan: J\u00f3zsi Dezs\u0151 [45] \u00e9v a labdar\u00fag\u00e1s szolg\u00e1lat\u00e1ban (N\u00fa., 2001. \u00e1pr. 9)<\/br><\/p>\n","protected":false},"excerpt":{"rendered":"<p>1924. j\u00fan. 9., \u2020 : labdar\u00fag\u00f3. \u2013 Gyermekkor\u00e1t\u00f3l j\u00e1tszott a Monopol \u00e9s a Dermagant egy\u00fcttes t\u00f6rpe csapat\u00e1ban. Feln\u00f6tt csapatban Mv.-en a C majd B d\u00edvizi\u00f3s egy\u00fcttesekben (1945\u2013), majd a brass\u00f3i Metromn\u00e1l. Visszat\u00e9rt Mv. -re a Lokomot\u00edv sz\u00edneiben j\u00e1tszott A-d\u00edvizi\u00f3s m\u00e9rk\u00f6z\u00e9seken (1951\u201363). Visszavonult, de edzette a mv.-i Lemnul (1963\u201367), a ny\u00e1r\u00e1dszeredai Voin\u0163a csapat\u00e1t (1967\u201373). A mv.-i [&hellip;]<\/p>\n","protected":false},"featured_media":0,"comment_status":"open","ping_status":"closed","template":"","meta":[],"product_brand":[],"product_cat":[137],"product_tag":[],"class_list":{"0":"post-10965","1":"product","2":"type-product","3":"status-publish","5":"product_cat-maros-megyei-eletrajzi-lexikon","7":"first","8":"instock","9":"shipping-taxable","10":"product-type-simple"},"_links":{"self":[{"href":"https:\/\/uj.adatbank.ro\/lexikon\/wp-json\/wp\/v2\/product\/10965","targetHints":{"allow":["GET"]}}],"collection":[{"href":"https:\/\/uj.adatbank.ro\/lexikon\/wp-json\/wp\/v2\/product"}],"about":[{"href":"https:\/\/uj.adatbank.ro\/lexikon\/wp-json\/wp\/v2\/types\/product"}],"replies":[{"embeddable":true,"href":"https:\/\/uj.adatbank.ro\/lexikon\/wp-json\/wp\/v2\/comments?post=10965"}],"wp:attachment":[{"href":"https:\/\/uj.adatbank.ro\/lexikon\/wp-json\/wp\/v2\/media?parent=10965"}],"wp:term":[{"taxonomy":"product_brand","embeddable":true,"href":"https:\/\/uj.adatbank.ro\/lexikon\/wp-json\/wp\/v2\/product_brand?post=10965"},{"taxonomy":"product_cat","embeddable":true,"href":"https:\/\/uj.adatbank.ro\/lexikon\/wp-json\/wp\/v2\/product_cat?post=10965"},{"taxonomy":"product_tag","embeddable":true,"href":"https:\/\/uj.adatbank.ro\/lexikon\/wp-json\/wp\/v2\/product_tag?post=10965"}],"curies":[{"name":"wp","href":"https:\/\/api.w.org\/{rel}","templated":true}]}}