{"id":10966,"date":"2025-06-29T13:37:32","date_gmt":"2025-06-29T11:37:32","guid":{"rendered":"https:\/\/uj.adatbank.ro\/lexikon\/termek\/judecan-vasile\/"},"modified":"2025-06-29T13:37:32","modified_gmt":"2025-06-29T11:37:32","slug":"judecan-vasile","status":"publish","type":"product","link":"https:\/\/uj.adatbank.ro\/lexikon\/termek\/judecan-vasile\/","title":{"rendered":"JUDECAN Vasile"},"content":{"rendered":"<p>Mez\u0151r\u00fccs, N\u00e9ma, 1898. j\u00fal. 20. \u2020 Majsz\u00edn, 1944. okt. 14.: \u00e1ldozat. \u2013 Egyike a horthyst\u00e1k \u00e1ltal Fels\u0151vis\u00f3ra k\u00e9nyszermunk\u00e1ra hurcolt, majd Majsz\u00ednn\u00e1l 35 t\u00e1rs\u00e1val egy\u00fctt agyonl\u0151tt \u00e1ldozatoknak <br \/><strong>Irod.:<\/strong> F\u0103r\u0103g\u0103u<\/br><\/p>\n","protected":false},"excerpt":{"rendered":"<p>Mez\u0151r\u00fccs, N\u00e9ma, 1898. j\u00fal. 20. \u2020 Majsz\u00edn, 1944. okt. 14.: \u00e1ldozat. \u2013 Egyike a horthyst\u00e1k \u00e1ltal Fels\u0151vis\u00f3ra k\u00e9nyszermunk\u00e1ra hurcolt, majd Majsz\u00ednn\u00e1l 35 t\u00e1rs\u00e1val egy\u00fctt agyonl\u0151tt \u00e1ldozatoknak Irod.: F\u0103r\u0103g\u0103u<\/p>\n","protected":false},"featured_media":0,"comment_status":"open","ping_status":"closed","template":"","meta":[],"product_brand":[],"product_cat":[137],"product_tag":[],"class_list":{"0":"post-10966","1":"product","2":"type-product","3":"status-publish","5":"product_cat-maros-megyei-eletrajzi-lexikon","7":"first","8":"instock","9":"shipping-taxable","10":"product-type-simple"},"_links":{"self":[{"href":"https:\/\/uj.adatbank.ro\/lexikon\/wp-json\/wp\/v2\/product\/10966","targetHints":{"allow":["GET"]}}],"collection":[{"href":"https:\/\/uj.adatbank.ro\/lexikon\/wp-json\/wp\/v2\/product"}],"about":[{"href":"https:\/\/uj.adatbank.ro\/lexikon\/wp-json\/wp\/v2\/types\/product"}],"replies":[{"embeddable":true,"href":"https:\/\/uj.adatbank.ro\/lexikon\/wp-json\/wp\/v2\/comments?post=10966"}],"wp:attachment":[{"href":"https:\/\/uj.adatbank.ro\/lexikon\/wp-json\/wp\/v2\/media?parent=10966"}],"wp:term":[{"taxonomy":"product_brand","embeddable":true,"href":"https:\/\/uj.adatbank.ro\/lexikon\/wp-json\/wp\/v2\/product_brand?post=10966"},{"taxonomy":"product_cat","embeddable":true,"href":"https:\/\/uj.adatbank.ro\/lexikon\/wp-json\/wp\/v2\/product_cat?post=10966"},{"taxonomy":"product_tag","embeddable":true,"href":"https:\/\/uj.adatbank.ro\/lexikon\/wp-json\/wp\/v2\/product_tag?post=10966"}],"curies":[{"name":"wp","href":"https:\/\/api.w.org\/{rel}","templated":true}]}}