{"id":10969,"date":"2025-06-29T13:37:36","date_gmt":"2025-06-29T11:37:36","guid":{"rendered":"https:\/\/uj.adatbank.ro\/lexikon\/termek\/juhasz-jozsef\/"},"modified":"2025-06-29T13:37:36","modified_gmt":"2025-06-29T11:37:36","slug":"juhasz-jozsef","status":"publish","type":"product","link":"https:\/\/uj.adatbank.ro\/lexikon\/termek\/juhasz-jozsef\/","title":{"rendered":"JUH\u00c1SZ J\u00f3zsef"},"content":{"rendered":"<p>Erd\u0151szentgy\u00f6rgy, 1894., \u2020\u00a0?: zenei \u00edr\u00f3. \u2013 M. dalsz\u00f6vegeket, t\u00e1ncdarabokat \u00e9s operetteket \u00edrt pl. Dalol\u00f3 sz\u00edvek 2. k. (P\u00e1pa, 1935). <br \/><strong>Irod.:<\/strong> Guly\u00e1s; Moln\u00e1r Imre: A m. muzsika k\u00f6nyve (Bp., 1936)<\/br><\/p>\n","protected":false},"excerpt":{"rendered":"<p>Erd\u0151szentgy\u00f6rgy, 1894., \u2020\u00a0?: zenei \u00edr\u00f3. \u2013 M. dalsz\u00f6vegeket, t\u00e1ncdarabokat \u00e9s operetteket \u00edrt pl. Dalol\u00f3 sz\u00edvek 2. k. (P\u00e1pa, 1935). Irod.: Guly\u00e1s; Moln\u00e1r Imre: A m. muzsika k\u00f6nyve (Bp., 1936)<\/p>\n","protected":false},"featured_media":0,"comment_status":"open","ping_status":"closed","template":"","meta":[],"product_brand":[],"product_cat":[137],"product_tag":[],"class_list":{"0":"post-10969","1":"product","2":"type-product","3":"status-publish","5":"product_cat-maros-megyei-eletrajzi-lexikon","7":"first","8":"instock","9":"shipping-taxable","10":"product-type-simple"},"_links":{"self":[{"href":"https:\/\/uj.adatbank.ro\/lexikon\/wp-json\/wp\/v2\/product\/10969","targetHints":{"allow":["GET"]}}],"collection":[{"href":"https:\/\/uj.adatbank.ro\/lexikon\/wp-json\/wp\/v2\/product"}],"about":[{"href":"https:\/\/uj.adatbank.ro\/lexikon\/wp-json\/wp\/v2\/types\/product"}],"replies":[{"embeddable":true,"href":"https:\/\/uj.adatbank.ro\/lexikon\/wp-json\/wp\/v2\/comments?post=10969"}],"wp:attachment":[{"href":"https:\/\/uj.adatbank.ro\/lexikon\/wp-json\/wp\/v2\/media?parent=10969"}],"wp:term":[{"taxonomy":"product_brand","embeddable":true,"href":"https:\/\/uj.adatbank.ro\/lexikon\/wp-json\/wp\/v2\/product_brand?post=10969"},{"taxonomy":"product_cat","embeddable":true,"href":"https:\/\/uj.adatbank.ro\/lexikon\/wp-json\/wp\/v2\/product_cat?post=10969"},{"taxonomy":"product_tag","embeddable":true,"href":"https:\/\/uj.adatbank.ro\/lexikon\/wp-json\/wp\/v2\/product_tag?post=10969"}],"curies":[{"name":"wp","href":"https:\/\/api.w.org\/{rel}","templated":true}]}}