{"id":10970,"date":"2025-06-29T13:37:39","date_gmt":"2025-06-29T11:37:39","guid":{"rendered":"https:\/\/uj.adatbank.ro\/lexikon\/termek\/juhos-marton\/"},"modified":"2025-06-29T13:37:39","modified_gmt":"2025-06-29T11:37:39","slug":"juhos-marton","status":"publish","type":"product","link":"https:\/\/uj.adatbank.ro\/lexikon\/termek\/juhos-marton\/","title":{"rendered":"JUHOS M\u00e1rton"},"content":{"rendered":"<p>? \u2020\u00a0?: tan\u00edt\u00f3. \u2013 A nagys\u00e1rm\u00e1si ref. templom toronygombj\u00e1ban elhelyezett irat eml\u00edti, mint igazgat\u00f3-tan\u00edt\u00f3t az \u00e1llami iskol\u00e1ban (1902). <br \/><strong>Irod.:<\/strong> Keszeg<\/br><\/p>\n","protected":false},"excerpt":{"rendered":"<p>? \u2020\u00a0?: tan\u00edt\u00f3. \u2013 A nagys\u00e1rm\u00e1si ref. templom toronygombj\u00e1ban elhelyezett irat eml\u00edti, mint igazgat\u00f3-tan\u00edt\u00f3t az \u00e1llami iskol\u00e1ban (1902). Irod.: Keszeg<\/p>\n","protected":false},"featured_media":0,"comment_status":"open","ping_status":"closed","template":"","meta":[],"product_brand":[],"product_cat":[137],"product_tag":[],"class_list":{"0":"post-10970","1":"product","2":"type-product","3":"status-publish","5":"product_cat-maros-megyei-eletrajzi-lexikon","7":"first","8":"instock","9":"shipping-taxable","10":"product-type-simple"},"_links":{"self":[{"href":"https:\/\/uj.adatbank.ro\/lexikon\/wp-json\/wp\/v2\/product\/10970","targetHints":{"allow":["GET"]}}],"collection":[{"href":"https:\/\/uj.adatbank.ro\/lexikon\/wp-json\/wp\/v2\/product"}],"about":[{"href":"https:\/\/uj.adatbank.ro\/lexikon\/wp-json\/wp\/v2\/types\/product"}],"replies":[{"embeddable":true,"href":"https:\/\/uj.adatbank.ro\/lexikon\/wp-json\/wp\/v2\/comments?post=10970"}],"wp:attachment":[{"href":"https:\/\/uj.adatbank.ro\/lexikon\/wp-json\/wp\/v2\/media?parent=10970"}],"wp:term":[{"taxonomy":"product_brand","embeddable":true,"href":"https:\/\/uj.adatbank.ro\/lexikon\/wp-json\/wp\/v2\/product_brand?post=10970"},{"taxonomy":"product_cat","embeddable":true,"href":"https:\/\/uj.adatbank.ro\/lexikon\/wp-json\/wp\/v2\/product_cat?post=10970"},{"taxonomy":"product_tag","embeddable":true,"href":"https:\/\/uj.adatbank.ro\/lexikon\/wp-json\/wp\/v2\/product_tag?post=10970"}],"curies":[{"name":"wp","href":"https:\/\/api.w.org\/{rel}","templated":true}]}}