{"id":10972,"date":"2025-06-29T13:37:44","date_gmt":"2025-06-29T11:37:44","guid":{"rendered":"https:\/\/uj.adatbank.ro\/lexikon\/termek\/jung-cseke-lajos\/"},"modified":"2025-06-29T13:37:44","modified_gmt":"2025-06-29T11:37:44","slug":"jung-cseke-lajos","status":"publish","type":"product","link":"https:\/\/uj.adatbank.ro\/lexikon\/termek\/jung-cseke-lajos\/","title":{"rendered":"JUNG CSEKE Lajos"},"content":{"rendered":"<p>Radn\u00f3t, 1845. febr. 16., \u2020\u00a01906. nov. 13.: r. k. pap. \u2013 A gimn. -ot Mv.-en, Cs\u00edksomly\u00f3n, Sz\u00e9kelyudvarhelyen, teol\u00f3gi\u00e1t Gyulafeh\u00e9rv\u00e1ron v\u00e9gzett. Papp\u00e1 szentelt\u00e9k (1868. \u00e1pr. 14.). Gyergy\u00f3szentmikl\u00f3son k\u00e1pl\u00e1n \u00e9s Kv.-on (1870). Pl\u00e9b\u00e1nos M\u00f3cson (1872), Bordoson (1875), Sz\u0151kefalv\u00e1n m\u0171k\u00f6d\u00f6tt (1880\u201384), Sz\u00e9kelyudvarhelyen pl\u00e9b\u00e1nos \u00e9s f\u0151esperes (1884), ap\u00e1t (1888). <br \/><strong>Irod.:<\/strong> Ferenczi S\u00e1ndor 2009; Nagy L\u00e1szl\u00f3\u00ed; MKL<\/br><\/p>\n","protected":false},"excerpt":{"rendered":"<p>Radn\u00f3t, 1845. febr. 16., \u2020\u00a01906. nov. 13.: r. k. pap. \u2013 A gimn. -ot Mv.-en, Cs\u00edksomly\u00f3n, Sz\u00e9kelyudvarhelyen, teol\u00f3gi\u00e1t Gyulafeh\u00e9rv\u00e1ron v\u00e9gzett. Papp\u00e1 szentelt\u00e9k (1868. \u00e1pr. 14.). Gyergy\u00f3szentmikl\u00f3son k\u00e1pl\u00e1n \u00e9s Kv.-on (1870). Pl\u00e9b\u00e1nos M\u00f3cson (1872), Bordoson (1875), Sz\u0151kefalv\u00e1n m\u0171k\u00f6d\u00f6tt (1880\u201384), Sz\u00e9kelyudvarhelyen pl\u00e9b\u00e1nos \u00e9s f\u0151esperes (1884), ap\u00e1t (1888). Irod.: Ferenczi S\u00e1ndor 2009; Nagy L\u00e1szl\u00f3\u00ed; MKL<\/p>\n","protected":false},"featured_media":0,"comment_status":"open","ping_status":"closed","template":"","meta":[],"product_brand":[],"product_cat":[137],"product_tag":[],"class_list":{"0":"post-10972","1":"product","2":"type-product","3":"status-publish","5":"product_cat-maros-megyei-eletrajzi-lexikon","7":"first","8":"instock","9":"shipping-taxable","10":"product-type-simple"},"_links":{"self":[{"href":"https:\/\/uj.adatbank.ro\/lexikon\/wp-json\/wp\/v2\/product\/10972","targetHints":{"allow":["GET"]}}],"collection":[{"href":"https:\/\/uj.adatbank.ro\/lexikon\/wp-json\/wp\/v2\/product"}],"about":[{"href":"https:\/\/uj.adatbank.ro\/lexikon\/wp-json\/wp\/v2\/types\/product"}],"replies":[{"embeddable":true,"href":"https:\/\/uj.adatbank.ro\/lexikon\/wp-json\/wp\/v2\/comments?post=10972"}],"wp:attachment":[{"href":"https:\/\/uj.adatbank.ro\/lexikon\/wp-json\/wp\/v2\/media?parent=10972"}],"wp:term":[{"taxonomy":"product_brand","embeddable":true,"href":"https:\/\/uj.adatbank.ro\/lexikon\/wp-json\/wp\/v2\/product_brand?post=10972"},{"taxonomy":"product_cat","embeddable":true,"href":"https:\/\/uj.adatbank.ro\/lexikon\/wp-json\/wp\/v2\/product_cat?post=10972"},{"taxonomy":"product_tag","embeddable":true,"href":"https:\/\/uj.adatbank.ro\/lexikon\/wp-json\/wp\/v2\/product_tag?post=10972"}],"curies":[{"name":"wp","href":"https:\/\/api.w.org\/{rel}","templated":true}]}}