{"id":10973,"date":"2025-06-29T13:37:46","date_gmt":"2025-06-29T11:37:46","guid":{"rendered":"https:\/\/uj.adatbank.ro\/lexikon\/termek\/junger-marton\/"},"modified":"2025-06-29T13:37:46","modified_gmt":"2025-06-29T11:37:46","slug":"junger-marton","status":"publish","type":"product","link":"https:\/\/uj.adatbank.ro\/lexikon\/termek\/junger-marton\/","title":{"rendered":"JUNGER M\u00e1rton"},"content":{"rendered":"<p>Sz\u00e1szpatak, 1894., \u2020 : keresked\u0151. \u2013 Mv.-en volt keresked\u0151. R\u00e9szt vett az els\u0151 vh.-ban (1915\u20131918), az orosz fronton harcolt, hadnagyi rangban kit\u00fcntet\u00e9sekkel szerelt le. Mv. -r\u0151l deport\u00e1lt\u00e1k feles\u00e9g\u00e9vel (1902\u2013) egy\u00fctt (1944. m\u00e1j. 29.). <br \/><strong>Irod.:<\/strong> Erd\u00e9lyi ezredek; Mv. zsid\u00f3s\u00e1ga<\/br><\/p>\n","protected":false},"excerpt":{"rendered":"<p>Sz\u00e1szpatak, 1894., \u2020 : keresked\u0151. \u2013 Mv.-en volt keresked\u0151. R\u00e9szt vett az els\u0151 vh.-ban (1915\u20131918), az orosz fronton harcolt, hadnagyi rangban kit\u00fcntet\u00e9sekkel szerelt le. Mv. -r\u0151l deport\u00e1lt\u00e1k feles\u00e9g\u00e9vel (1902\u2013) egy\u00fctt (1944. m\u00e1j. 29.). Irod.: Erd\u00e9lyi ezredek; Mv. zsid\u00f3s\u00e1ga<\/p>\n","protected":false},"featured_media":0,"comment_status":"open","ping_status":"closed","template":"","meta":[],"product_brand":[],"product_cat":[137],"product_tag":[],"class_list":{"0":"post-10973","1":"product","2":"type-product","3":"status-publish","5":"product_cat-maros-megyei-eletrajzi-lexikon","7":"first","8":"instock","9":"shipping-taxable","10":"product-type-simple"},"_links":{"self":[{"href":"https:\/\/uj.adatbank.ro\/lexikon\/wp-json\/wp\/v2\/product\/10973","targetHints":{"allow":["GET"]}}],"collection":[{"href":"https:\/\/uj.adatbank.ro\/lexikon\/wp-json\/wp\/v2\/product"}],"about":[{"href":"https:\/\/uj.adatbank.ro\/lexikon\/wp-json\/wp\/v2\/types\/product"}],"replies":[{"embeddable":true,"href":"https:\/\/uj.adatbank.ro\/lexikon\/wp-json\/wp\/v2\/comments?post=10973"}],"wp:attachment":[{"href":"https:\/\/uj.adatbank.ro\/lexikon\/wp-json\/wp\/v2\/media?parent=10973"}],"wp:term":[{"taxonomy":"product_brand","embeddable":true,"href":"https:\/\/uj.adatbank.ro\/lexikon\/wp-json\/wp\/v2\/product_brand?post=10973"},{"taxonomy":"product_cat","embeddable":true,"href":"https:\/\/uj.adatbank.ro\/lexikon\/wp-json\/wp\/v2\/product_cat?post=10973"},{"taxonomy":"product_tag","embeddable":true,"href":"https:\/\/uj.adatbank.ro\/lexikon\/wp-json\/wp\/v2\/product_tag?post=10973"}],"curies":[{"name":"wp","href":"https:\/\/api.w.org\/{rel}","templated":true}]}}