{"id":10975,"date":"2025-06-29T13:37:51","date_gmt":"2025-06-29T11:37:51","guid":{"rendered":"https:\/\/uj.adatbank.ro\/lexikon\/termek\/juracsek-mihaly-janos\/"},"modified":"2025-06-29T13:37:51","modified_gmt":"2025-06-29T11:37:51","slug":"juracsek-mihaly-janos","status":"publish","type":"product","link":"https:\/\/uj.adatbank.ro\/lexikon\/termek\/juracsek-mihaly-janos\/","title":{"rendered":"JUR\u00c1CSEK Mih\u00e1ly J\u00e1nos"},"content":{"rendered":"<p>Mv., 1718., \u2020\u00a0Fogaras, 1771. jan. 25.: ferences szerzetes. \u2013 Be\u00f6lt\u00f6z\u00f6tt (1739. szept. 1.), felszentelt\u00e9k (1743. aug. 12.). <br \/><strong>Irod.:<\/strong> Gy\u00f6rgy: A ferencrendiek<\/br><\/p>\n","protected":false},"excerpt":{"rendered":"<p>Mv., 1718., \u2020\u00a0Fogaras, 1771. jan. 25.: ferences szerzetes. \u2013 Be\u00f6lt\u00f6z\u00f6tt (1739. szept. 1.), felszentelt\u00e9k (1743. aug. 12.). Irod.: Gy\u00f6rgy: A ferencrendiek<\/p>\n","protected":false},"featured_media":0,"comment_status":"open","ping_status":"closed","template":"","meta":[],"product_brand":[],"product_cat":[137],"product_tag":[],"class_list":{"0":"post-10975","1":"product","2":"type-product","3":"status-publish","5":"product_cat-maros-megyei-eletrajzi-lexikon","7":"first","8":"instock","9":"shipping-taxable","10":"product-type-simple"},"_links":{"self":[{"href":"https:\/\/uj.adatbank.ro\/lexikon\/wp-json\/wp\/v2\/product\/10975","targetHints":{"allow":["GET"]}}],"collection":[{"href":"https:\/\/uj.adatbank.ro\/lexikon\/wp-json\/wp\/v2\/product"}],"about":[{"href":"https:\/\/uj.adatbank.ro\/lexikon\/wp-json\/wp\/v2\/types\/product"}],"replies":[{"embeddable":true,"href":"https:\/\/uj.adatbank.ro\/lexikon\/wp-json\/wp\/v2\/comments?post=10975"}],"wp:attachment":[{"href":"https:\/\/uj.adatbank.ro\/lexikon\/wp-json\/wp\/v2\/media?parent=10975"}],"wp:term":[{"taxonomy":"product_brand","embeddable":true,"href":"https:\/\/uj.adatbank.ro\/lexikon\/wp-json\/wp\/v2\/product_brand?post=10975"},{"taxonomy":"product_cat","embeddable":true,"href":"https:\/\/uj.adatbank.ro\/lexikon\/wp-json\/wp\/v2\/product_cat?post=10975"},{"taxonomy":"product_tag","embeddable":true,"href":"https:\/\/uj.adatbank.ro\/lexikon\/wp-json\/wp\/v2\/product_tag?post=10975"}],"curies":[{"name":"wp","href":"https:\/\/api.w.org\/{rel}","templated":true}]}}