{"id":10977,"date":"2025-06-29T13:37:54","date_gmt":"2025-06-29T11:37:54","guid":{"rendered":"https:\/\/uj.adatbank.ro\/lexikon\/termek\/jurkovics-jozsef\/"},"modified":"2025-06-29T13:37:54","modified_gmt":"2025-06-29T11:37:54","slug":"jurkovics-jozsef","status":"publish","type":"product","link":"https:\/\/uj.adatbank.ro\/lexikon\/termek\/jurkovics-jozsef\/","title":{"rendered":"JURKOVICS J\u00f3zsef"},"content":{"rendered":"<p>1881.?, \u2020\u00a0Mv., 1939. okt. 29: tan\u00e1r. \u2013 J. M\u00e1ty\u00e1s (1859- Mv., 1919. aug. 11.) \u00e9s Teitler Magdolna fia. Testv\u00e9rei: J. Magda, Demeter S\u00e1ndorn\u00e9; J. M\u00e1ty\u00e1s, feles\u00e9ge Buckur Mariczi; J. J\u00e1nos; J. Miczi, Remler J\u00f3zsefn\u00e9. Feles\u00e9ge: aldobai Babarics Dobolyi Ir\u00e9n (\u2020\u00a0Mv., 1930. jan. 8.). \u2013 Mv.-en r. k. f\u0151gimn.-i tan\u00e1r. <br \/><strong>Irod.:<\/strong> Gy\u00e1szjelent\u0151<\/br><\/p>\n","protected":false},"excerpt":{"rendered":"<p>1881.?, \u2020\u00a0Mv., 1939. okt. 29: tan\u00e1r. \u2013 J. M\u00e1ty\u00e1s (1859- Mv., 1919. aug. 11.) \u00e9s Teitler Magdolna fia. Testv\u00e9rei: J. Magda, Demeter S\u00e1ndorn\u00e9; J. M\u00e1ty\u00e1s, feles\u00e9ge Buckur Mariczi; J. J\u00e1nos; J. Miczi, Remler J\u00f3zsefn\u00e9. Feles\u00e9ge: aldobai Babarics Dobolyi Ir\u00e9n (\u2020\u00a0Mv., 1930. jan. 8.). \u2013 Mv.-en r. k. f\u0151gimn.-i tan\u00e1r. Irod.: Gy\u00e1szjelent\u0151<\/p>\n","protected":false},"featured_media":0,"comment_status":"open","ping_status":"closed","template":"","meta":[],"product_brand":[],"product_cat":[137],"product_tag":[],"class_list":{"0":"post-10977","1":"product","2":"type-product","3":"status-publish","5":"product_cat-maros-megyei-eletrajzi-lexikon","7":"first","8":"instock","9":"shipping-taxable","10":"product-type-simple"},"_links":{"self":[{"href":"https:\/\/uj.adatbank.ro\/lexikon\/wp-json\/wp\/v2\/product\/10977","targetHints":{"allow":["GET"]}}],"collection":[{"href":"https:\/\/uj.adatbank.ro\/lexikon\/wp-json\/wp\/v2\/product"}],"about":[{"href":"https:\/\/uj.adatbank.ro\/lexikon\/wp-json\/wp\/v2\/types\/product"}],"replies":[{"embeddable":true,"href":"https:\/\/uj.adatbank.ro\/lexikon\/wp-json\/wp\/v2\/comments?post=10977"}],"wp:attachment":[{"href":"https:\/\/uj.adatbank.ro\/lexikon\/wp-json\/wp\/v2\/media?parent=10977"}],"wp:term":[{"taxonomy":"product_brand","embeddable":true,"href":"https:\/\/uj.adatbank.ro\/lexikon\/wp-json\/wp\/v2\/product_brand?post=10977"},{"taxonomy":"product_cat","embeddable":true,"href":"https:\/\/uj.adatbank.ro\/lexikon\/wp-json\/wp\/v2\/product_cat?post=10977"},{"taxonomy":"product_tag","embeddable":true,"href":"https:\/\/uj.adatbank.ro\/lexikon\/wp-json\/wp\/v2\/product_tag?post=10977"}],"curies":[{"name":"wp","href":"https:\/\/api.w.org\/{rel}","templated":true}]}}