{"id":10984,"date":"2025-06-29T13:38:09","date_gmt":"2025-06-29T11:38:09","guid":{"rendered":"https:\/\/uj.adatbank.ro\/lexikon\/termek\/kabdebo-istvan-2\/"},"modified":"2025-06-29T13:38:09","modified_gmt":"2025-06-29T11:38:09","slug":"kabdebo-istvan-2","status":"publish","type":"product","link":"https:\/\/uj.adatbank.ro\/lexikon\/termek\/kabdebo-istvan-2\/","title":{"rendered":"KABDEB\u00d3 Istv\u00e1n"},"content":{"rendered":"<p>? \u2020 ? : f\u0151szerkeszt\u0151. \u2013 K. Simon \u00e9s Petr\u00e1sk\u00f3 Katalin (1817.? \u2013 1869. j\u00fan. 7.) fia. <br \/><strong>Irod.:<\/strong> Gy\u00e1szjelent\u0151; Sz\u00e9kely H\u00edrlap (1869. jan. 23)<\/br><\/p>\n","protected":false},"excerpt":{"rendered":"<p>? \u2020 ? : f\u0151szerkeszt\u0151. \u2013 K. Simon \u00e9s Petr\u00e1sk\u00f3 Katalin (1817.? \u2013 1869. j\u00fan. 7.) fia. Irod.: Gy\u00e1szjelent\u0151; Sz\u00e9kely H\u00edrlap (1869. jan. 23)<\/p>\n","protected":false},"featured_media":0,"comment_status":"open","ping_status":"closed","template":"","meta":[],"product_brand":[],"product_cat":[137],"product_tag":[],"class_list":{"0":"post-10984","1":"product","2":"type-product","3":"status-publish","5":"product_cat-maros-megyei-eletrajzi-lexikon","7":"first","8":"instock","9":"shipping-taxable","10":"product-type-simple"},"_links":{"self":[{"href":"https:\/\/uj.adatbank.ro\/lexikon\/wp-json\/wp\/v2\/product\/10984","targetHints":{"allow":["GET"]}}],"collection":[{"href":"https:\/\/uj.adatbank.ro\/lexikon\/wp-json\/wp\/v2\/product"}],"about":[{"href":"https:\/\/uj.adatbank.ro\/lexikon\/wp-json\/wp\/v2\/types\/product"}],"replies":[{"embeddable":true,"href":"https:\/\/uj.adatbank.ro\/lexikon\/wp-json\/wp\/v2\/comments?post=10984"}],"wp:attachment":[{"href":"https:\/\/uj.adatbank.ro\/lexikon\/wp-json\/wp\/v2\/media?parent=10984"}],"wp:term":[{"taxonomy":"product_brand","embeddable":true,"href":"https:\/\/uj.adatbank.ro\/lexikon\/wp-json\/wp\/v2\/product_brand?post=10984"},{"taxonomy":"product_cat","embeddable":true,"href":"https:\/\/uj.adatbank.ro\/lexikon\/wp-json\/wp\/v2\/product_cat?post=10984"},{"taxonomy":"product_tag","embeddable":true,"href":"https:\/\/uj.adatbank.ro\/lexikon\/wp-json\/wp\/v2\/product_tag?post=10984"}],"curies":[{"name":"wp","href":"https:\/\/api.w.org\/{rel}","templated":true}]}}