{"id":10986,"date":"2025-06-29T13:38:13","date_gmt":"2025-06-29T11:38:13","guid":{"rendered":"https:\/\/uj.adatbank.ro\/lexikon\/termek\/kabdebo-otto-talpasi\/"},"modified":"2025-06-29T13:38:13","modified_gmt":"2025-06-29T11:38:13","slug":"kabdebo-otto-talpasi","status":"publish","type":"product","link":"https:\/\/uj.adatbank.ro\/lexikon\/termek\/kabdebo-otto-talpasi\/","title":{"rendered":"KABDEB\u00d3 Ott\u00f3, talpasi"},"content":{"rendered":"<p>1858.? \u2020 Kv., 1923. febr. 11. Mv.-en temett\u00e9k: keresked\u0151. \u2013 N\u0151v\u00e9re: K. Etelka. Feles\u00e9ge: Kir\u00e1ly Eszter. Fi\u00fak: dr. K. K\u00e1lm\u00e1n. <br \/><strong>Irod.:<\/strong> Gy\u00e1szjelent\u0151<\/br><\/p>\n","protected":false},"excerpt":{"rendered":"<p>1858.? \u2020 Kv., 1923. febr. 11. Mv.-en temett\u00e9k: keresked\u0151. \u2013 N\u0151v\u00e9re: K. Etelka. Feles\u00e9ge: Kir\u00e1ly Eszter. Fi\u00fak: dr. K. K\u00e1lm\u00e1n. Irod.: Gy\u00e1szjelent\u0151<\/p>\n","protected":false},"featured_media":0,"comment_status":"open","ping_status":"closed","template":"","meta":[],"product_brand":[],"product_cat":[137],"product_tag":[],"class_list":{"0":"post-10986","1":"product","2":"type-product","3":"status-publish","5":"product_cat-maros-megyei-eletrajzi-lexikon","7":"first","8":"instock","9":"shipping-taxable","10":"product-type-simple"},"_links":{"self":[{"href":"https:\/\/uj.adatbank.ro\/lexikon\/wp-json\/wp\/v2\/product\/10986","targetHints":{"allow":["GET"]}}],"collection":[{"href":"https:\/\/uj.adatbank.ro\/lexikon\/wp-json\/wp\/v2\/product"}],"about":[{"href":"https:\/\/uj.adatbank.ro\/lexikon\/wp-json\/wp\/v2\/types\/product"}],"replies":[{"embeddable":true,"href":"https:\/\/uj.adatbank.ro\/lexikon\/wp-json\/wp\/v2\/comments?post=10986"}],"wp:attachment":[{"href":"https:\/\/uj.adatbank.ro\/lexikon\/wp-json\/wp\/v2\/media?parent=10986"}],"wp:term":[{"taxonomy":"product_brand","embeddable":true,"href":"https:\/\/uj.adatbank.ro\/lexikon\/wp-json\/wp\/v2\/product_brand?post=10986"},{"taxonomy":"product_cat","embeddable":true,"href":"https:\/\/uj.adatbank.ro\/lexikon\/wp-json\/wp\/v2\/product_cat?post=10986"},{"taxonomy":"product_tag","embeddable":true,"href":"https:\/\/uj.adatbank.ro\/lexikon\/wp-json\/wp\/v2\/product_tag?post=10986"}],"curies":[{"name":"wp","href":"https:\/\/api.w.org\/{rel}","templated":true}]}}