{"id":10992,"date":"2025-06-29T13:38:23","date_gmt":"2025-06-29T11:38:23","guid":{"rendered":"https:\/\/uj.adatbank.ro\/lexikon\/termek\/kabos-klara-magyargyeromonostori-kabos-klara-szucsaki-ferencne\/"},"modified":"2025-06-29T13:38:23","modified_gmt":"2025-06-29T11:38:23","slug":"kabos-klara-magyargyeromonostori-kabos-klara-szucsaki-ferencne","status":"publish","type":"product","link":"https:\/\/uj.adatbank.ro\/lexikon\/termek\/kabos-klara-magyargyeromonostori-kabos-klara-szucsaki-ferencne\/","title":{"rendered":"KAB\u00d3S Kl\u00e1ra, magyargyer\u0151monostori, Kabos Kl\u00e1ra, Szucs\u00e1ki Ferencn\u00e9"},"content":{"rendered":"<p>1734, \u2020 Erd\u0151csin\u00e1d, 1811. nov. 6.: adom\u00e1nytev\u0151. \u2013 A mv.-i V\u00e1rtemplom orgon\u00e1j\u00e1nak fel\u00e1ll\u00edt\u00e1sa nagylelk\u0171 adom\u00e1ny\u00e1nak k\u00f6sz\u00f6nhet\u0151: 500 forinttal j\u00e1rult hozz\u00e1 a k\u00f6lts\u00e9gekhez (1787), az orgona k\u00e9sz\u00edt\u0151je Johannes Brause Brass\u00f3b\u00f3l. F\u00e9rje v\u00e9grendelet\u00e9ben megb\u00edzta feles\u00e9g\u00e9t, Kabos Kl\u00e1r\u00e1t, hogy saj\u00e1t k\u00f6lts\u00e9g\u00e9n \u00faj templomot \u00e9p\u00edtessen Erd\u0151csin\u00e1don, ami meg is t\u00f6rt\u00e9nt (1783. aug. \u2013 1789. okt.). Hal\u00e1la el\u0151tt \u00fajabb jelent\u0151s adom\u00e1nnyal gazdag\u00edtotta a ref. egyh\u00e1zi vagyont: Mv.-en h\u00e1zat adott az \u00e1rv\u00e1k ref. koll.-i tan\u00edttat\u00e1s\u00e1ra, v\u00e9grendelet\u00e9ben 200 forintot hagyott a V\u00e1rtemplomban szolg\u00e1l\u00f3 papok fizet\u00e9s\u00e9nek p\u00f3tl\u00e1s\u00e1ra, p\u00e9nzt, f\u00f6ldeket a szomsz\u00e9dos egyh\u00e1zk\u00f6zs\u00e9geknek. Halotti besz\u00e9det mondott felette Antal J\u00e1nos, az \u00e1ltala \u00e9p\u00edttetett erd\u0151csin\u00e1di templomban, 1811. nov. 24. <br \/><strong>Irod.:<\/strong> Antal J\u00e1nos: Az \u00e9letet b\u00f6ltsen haszn\u00e1l\u00f3 asszony, lerajzolva egy halotti besz\u00e9dben (Kv., 1812); B\u00f6jthe Andor: A G\u00f6rg\u00e9nyi ev. ref. egyh\u00e1zmegye t\u00f6rt\u00e9nete [k\u00e9zirat]; B\u00f6jthe \u00d6d\u00f6n: Kegyelet \u00fcnnep\u00e9lye melyet erd\u0151csin\u00e1di Szucs\u00e1ki Ferenc \u00e9s magyargyer\u0151monostori K. K. templom\u00e9p\u00edt\u0151k eml\u00e9k\u00e9re.., (Mv., s. a.); B\u00f6l\u00f6ni Domokos: \u00c1rva Kab\u00f3s Kl\u00e1ra (N\u00fa., 1995. \u00e1pr. 5.); Farcz\u00e1dy; Halotti besz\u00e9dek; Id\u0151t\u00e1r 1<\/br><\/p>\n","protected":false},"excerpt":{"rendered":"<p>1734, \u2020 Erd\u0151csin\u00e1d, 1811. nov. 6.: adom\u00e1nytev\u0151. \u2013 A mv.-i V\u00e1rtemplom orgon\u00e1j\u00e1nak fel\u00e1ll\u00edt\u00e1sa nagylelk\u0171 adom\u00e1ny\u00e1nak k\u00f6sz\u00f6nhet\u0151: 500 forinttal j\u00e1rult hozz\u00e1 a k\u00f6lts\u00e9gekhez (1787), az orgona k\u00e9sz\u00edt\u0151je Johannes Brause Brass\u00f3b\u00f3l. F\u00e9rje v\u00e9grendelet\u00e9ben megb\u00edzta feles\u00e9g\u00e9t, Kabos Kl\u00e1r\u00e1t, hogy saj\u00e1t k\u00f6lts\u00e9g\u00e9n \u00faj templomot \u00e9p\u00edtessen Erd\u0151csin\u00e1don, ami meg is t\u00f6rt\u00e9nt (1783. aug. \u2013 1789. okt.). Hal\u00e1la el\u0151tt \u00fajabb jelent\u0151s [&hellip;]<\/p>\n","protected":false},"featured_media":0,"comment_status":"open","ping_status":"closed","template":"","meta":[],"product_brand":[],"product_cat":[137],"product_tag":[],"class_list":{"0":"post-10992","1":"product","2":"type-product","3":"status-publish","5":"product_cat-maros-megyei-eletrajzi-lexikon","7":"first","8":"instock","9":"shipping-taxable","10":"product-type-simple"},"_links":{"self":[{"href":"https:\/\/uj.adatbank.ro\/lexikon\/wp-json\/wp\/v2\/product\/10992","targetHints":{"allow":["GET"]}}],"collection":[{"href":"https:\/\/uj.adatbank.ro\/lexikon\/wp-json\/wp\/v2\/product"}],"about":[{"href":"https:\/\/uj.adatbank.ro\/lexikon\/wp-json\/wp\/v2\/types\/product"}],"replies":[{"embeddable":true,"href":"https:\/\/uj.adatbank.ro\/lexikon\/wp-json\/wp\/v2\/comments?post=10992"}],"wp:attachment":[{"href":"https:\/\/uj.adatbank.ro\/lexikon\/wp-json\/wp\/v2\/media?parent=10992"}],"wp:term":[{"taxonomy":"product_brand","embeddable":true,"href":"https:\/\/uj.adatbank.ro\/lexikon\/wp-json\/wp\/v2\/product_brand?post=10992"},{"taxonomy":"product_cat","embeddable":true,"href":"https:\/\/uj.adatbank.ro\/lexikon\/wp-json\/wp\/v2\/product_cat?post=10992"},{"taxonomy":"product_tag","embeddable":true,"href":"https:\/\/uj.adatbank.ro\/lexikon\/wp-json\/wp\/v2\/product_tag?post=10992"}],"curies":[{"name":"wp","href":"https:\/\/api.w.org\/{rel}","templated":true}]}}