{"id":10993,"date":"2025-06-29T13:38:24","date_gmt":"2025-06-29T11:38:24","guid":{"rendered":"https:\/\/uj.adatbank.ro\/lexikon\/termek\/kabos-laszlo-magyargyeromonostori-kabos-laszlo\/"},"modified":"2025-06-29T13:38:24","modified_gmt":"2025-06-29T11:38:24","slug":"kabos-laszlo-magyargyeromonostori-kabos-laszlo","status":"publish","type":"product","link":"https:\/\/uj.adatbank.ro\/lexikon\/termek\/kabos-laszlo-magyargyeromonostori-kabos-laszlo\/","title":{"rendered":"KAB\u00d3S L\u00e1szl\u00f3, magyargyer\u0151monostori, Kabos L\u00e1szl\u00f3"},"content":{"rendered":"<p>? \u2020 Bp., 1879. aug. 28. Bp.-en temett\u00e9k: kir. it\u00e9l\u0151t\u00e1blai tan\u00e1cseln\u00f6k. \u2013 Gyermekei: Etelka, Ferenc, Bertha (1836- Mv., 1874. szept. 27.). \u2013 A mv.-i kir. it\u00e9l\u0151t\u00e1bla tan\u00e1cseln\u00f6ke, a Ref. Koll. gondnoka (1875. m\u00e1j. 23. &#8211; 1879). <br \/><strong>Irod.:<\/strong> Gy\u00e1szjelent\u0151; Koncz, Par\u00e1di<\/br><\/p>\n","protected":false},"excerpt":{"rendered":"<p>? \u2020 Bp., 1879. aug. 28. Bp.-en temett\u00e9k: kir. it\u00e9l\u0151t\u00e1blai tan\u00e1cseln\u00f6k. \u2013 Gyermekei: Etelka, Ferenc, Bertha (1836- Mv., 1874. szept. 27.). \u2013 A mv.-i kir. it\u00e9l\u0151t\u00e1bla tan\u00e1cseln\u00f6ke, a Ref. Koll. gondnoka (1875. m\u00e1j. 23. &#8211; 1879). Irod.: Gy\u00e1szjelent\u0151; Koncz, Par\u00e1di<\/p>\n","protected":false},"featured_media":0,"comment_status":"open","ping_status":"closed","template":"","meta":[],"product_brand":[],"product_cat":[137],"product_tag":[],"class_list":{"0":"post-10993","1":"product","2":"type-product","3":"status-publish","5":"product_cat-maros-megyei-eletrajzi-lexikon","7":"first","8":"instock","9":"shipping-taxable","10":"product-type-simple"},"_links":{"self":[{"href":"https:\/\/uj.adatbank.ro\/lexikon\/wp-json\/wp\/v2\/product\/10993","targetHints":{"allow":["GET"]}}],"collection":[{"href":"https:\/\/uj.adatbank.ro\/lexikon\/wp-json\/wp\/v2\/product"}],"about":[{"href":"https:\/\/uj.adatbank.ro\/lexikon\/wp-json\/wp\/v2\/types\/product"}],"replies":[{"embeddable":true,"href":"https:\/\/uj.adatbank.ro\/lexikon\/wp-json\/wp\/v2\/comments?post=10993"}],"wp:attachment":[{"href":"https:\/\/uj.adatbank.ro\/lexikon\/wp-json\/wp\/v2\/media?parent=10993"}],"wp:term":[{"taxonomy":"product_brand","embeddable":true,"href":"https:\/\/uj.adatbank.ro\/lexikon\/wp-json\/wp\/v2\/product_brand?post=10993"},{"taxonomy":"product_cat","embeddable":true,"href":"https:\/\/uj.adatbank.ro\/lexikon\/wp-json\/wp\/v2\/product_cat?post=10993"},{"taxonomy":"product_tag","embeddable":true,"href":"https:\/\/uj.adatbank.ro\/lexikon\/wp-json\/wp\/v2\/product_tag?post=10993"}],"curies":[{"name":"wp","href":"https:\/\/api.w.org\/{rel}","templated":true}]}}