{"id":10994,"date":"2025-06-29T13:38:27","date_gmt":"2025-06-29T11:38:27","guid":{"rendered":"https:\/\/uj.adatbank.ro\/lexikon\/termek\/kacsics-nembeli-simon\/"},"modified":"2025-06-29T13:38:27","modified_gmt":"2025-06-29T11:38:27","slug":"kacsics-nembeli-simon","status":"publish","type":"product","link":"https:\/\/uj.adatbank.ro\/lexikon\/termek\/kacsics-nembeli-simon\/","title":{"rendered":"K\u00c1CSICS nembeli Simon"},"content":{"rendered":"<p>1322. \u00e1pr. 20. \u2020 1327. j\u00fan. 4.: sz\u00e9kely isp\u00e1n. \u2013 Radn\u00f3t s\u00f3gora volt. Hatalmas vagyon\u00e1t K\u00e1roly R\u00f3bert kir. neki adta (1322). <br \/><strong>Irod.:<\/strong> Kelemen Lajos 2009; Sz\u00e9kelyf\u00f6ld t\u00f6rt. 1.<\/br><\/p>\n","protected":false},"excerpt":{"rendered":"<p>1322. \u00e1pr. 20. \u2020 1327. j\u00fan. 4.: sz\u00e9kely isp\u00e1n. \u2013 Radn\u00f3t s\u00f3gora volt. Hatalmas vagyon\u00e1t K\u00e1roly R\u00f3bert kir. neki adta (1322). Irod.: Kelemen Lajos 2009; Sz\u00e9kelyf\u00f6ld t\u00f6rt. 1.<\/p>\n","protected":false},"featured_media":0,"comment_status":"open","ping_status":"closed","template":"","meta":[],"product_brand":[],"product_cat":[137],"product_tag":[],"class_list":{"0":"post-10994","1":"product","2":"type-product","3":"status-publish","5":"product_cat-maros-megyei-eletrajzi-lexikon","7":"first","8":"instock","9":"shipping-taxable","10":"product-type-simple"},"_links":{"self":[{"href":"https:\/\/uj.adatbank.ro\/lexikon\/wp-json\/wp\/v2\/product\/10994","targetHints":{"allow":["GET"]}}],"collection":[{"href":"https:\/\/uj.adatbank.ro\/lexikon\/wp-json\/wp\/v2\/product"}],"about":[{"href":"https:\/\/uj.adatbank.ro\/lexikon\/wp-json\/wp\/v2\/types\/product"}],"replies":[{"embeddable":true,"href":"https:\/\/uj.adatbank.ro\/lexikon\/wp-json\/wp\/v2\/comments?post=10994"}],"wp:attachment":[{"href":"https:\/\/uj.adatbank.ro\/lexikon\/wp-json\/wp\/v2\/media?parent=10994"}],"wp:term":[{"taxonomy":"product_brand","embeddable":true,"href":"https:\/\/uj.adatbank.ro\/lexikon\/wp-json\/wp\/v2\/product_brand?post=10994"},{"taxonomy":"product_cat","embeddable":true,"href":"https:\/\/uj.adatbank.ro\/lexikon\/wp-json\/wp\/v2\/product_cat?post=10994"},{"taxonomy":"product_tag","embeddable":true,"href":"https:\/\/uj.adatbank.ro\/lexikon\/wp-json\/wp\/v2\/product_tag?post=10994"}],"curies":[{"name":"wp","href":"https:\/\/api.w.org\/{rel}","templated":true}]}}